{"id":6504,"date":"2025-07-30T10:56:50","date_gmt":"2025-07-30T08:56:50","guid":{"rendered":"https:\/\/style3d-assyst.com\/servizio-completo\/"},"modified":"2025-09-16T14:40:16","modified_gmt":"2025-09-16T12:40:16","slug":"servicio-completo","status":"publish","type":"page","link":"https:\/\/style3d-assyst.com\/it\/case-studies\/servicio-completo\/","title":{"rendered":"Servizio completo"},"content":{"rendered":"\t\t<div data-elementor-type=\"wp-page\" data-elementor-id=\"6504\" class=\"elementor elementor-6504 elementor-2121\" data-elementor-post-type=\"page\">\n\t\t\t\t<div class=\"elementor-element elementor-element-a6f0768 e-flex e-con-boxed wpr-particle-no wpr-jarallax-no wpr-parallax-no wpr-sticky-section-no e-con e-parent\" data-id=\"a6f0768\" data-element_type=\"container\" data-e-type=\"container\" data-settings=\"{&quot;background_background&quot;:&quot;classic&quot;}\">\n\t\t\t\t\t<div class=\"e-con-inner\">\n\t\t<div class=\"elementor-element elementor-element-aef309d e-con-full e-flex wpr-particle-no wpr-jarallax-no wpr-parallax-no wpr-sticky-section-no e-con e-child\" data-id=\"aef309d\" data-element_type=\"container\" data-e-type=\"container\" data-settings=\"{&quot;background_background&quot;:&quot;classic&quot;}\">\n\t\t\t\t<\/div>\n\t\t<div class=\"elementor-element elementor-element-40e8332 e-con-full e-flex wpr-particle-no wpr-jarallax-no wpr-parallax-no wpr-sticky-section-no e-con e-child\" data-id=\"40e8332\" data-element_type=\"container\" data-e-type=\"container\" data-settings=\"{&quot;background_background&quot;:&quot;classic&quot;}\">\n\t\t\t\t<div class=\"elementor-element elementor-element-571df6d elementor-widget elementor-widget-image\" data-id=\"571df6d\" data-element_type=\"widget\" data-e-type=\"widget\" data-widget_type=\"image.default\">\n\t\t\t\t<div class=\"elementor-widget-container\">\n\t\t\t\t\t\t\t\t\t\t\t\t\t\t\t<img fetchpriority=\"high\" decoding=\"async\" width=\"800\" height=\"325\" src=\"https:\/\/style3d-assyst.com\/wp-content\/uploads\/2025\/08\/Logo-Negro-SC.png\" class=\"attachment-large size-large wp-image-6039\" alt=\"Logo Servicio Completo\" srcset=\"https:\/\/style3d-assyst.com\/wp-content\/uploads\/2025\/08\/Logo-Negro-SC.png 866w, https:\/\/style3d-assyst.com\/wp-content\/uploads\/2025\/08\/Logo-Negro-SC-300x122.png 300w, https:\/\/style3d-assyst.com\/wp-content\/uploads\/2025\/08\/Logo-Negro-SC-768x312.png 768w\" sizes=\"(max-width: 800px) 100vw, 800px\" \/>\t\t\t\t\t\t\t\t\t\t\t\t\t\t\t<\/div>\n\t\t\t\t<\/div>\n\t\t\t\t<div class=\"elementor-element elementor-element-4ac0d22 elementor-widget elementor-widget-heading\" data-id=\"4ac0d22\" data-element_type=\"widget\" data-e-type=\"widget\" data-widget_type=\"heading.default\">\n\t\t\t\t<div class=\"elementor-widget-container\">\n\t\t\t\t\t<h1 class=\"elementor-heading-title elementor-size-default\">Servicio Completo - Velocit\u00e0, qualit\u00e0 e innovazione\n<\/h1>\t\t\t\t<\/div>\n\t\t\t\t<\/div>\n\t\t\t\t<div class=\"elementor-element elementor-element-1f6e217 elementor-widget elementor-widget-text-editor\" data-id=\"1f6e217\" data-element_type=\"widget\" data-e-type=\"widget\" data-widget_type=\"text-editor.default\">\n\t\t\t\t<div class=\"elementor-widget-container\">\n\t\t\t\t\t\t\t\t\t<ul><li>Time to maret veloce<\/li><li>qualit\u00e0 e coerenza superiori<\/li><li>efficienza sostenibile<\/li><\/ul>\t\t\t\t\t\t\t\t<\/div>\n\t\t\t\t<\/div>\n\t\t\t\t<\/div>\n\t\t\t\t\t<\/div>\n\t\t\t\t<\/div>\n\t\t<div class=\"elementor-element elementor-element-f47b03b e-flex e-con-boxed wpr-particle-no wpr-jarallax-no wpr-parallax-no wpr-sticky-section-no e-con e-parent\" data-id=\"f47b03b\" data-element_type=\"container\" data-e-type=\"container\" data-settings=\"{&quot;background_background&quot;:&quot;classic&quot;}\">\n\t\t\t\t\t<div class=\"e-con-inner\">\n\t\t\t\t<div class=\"elementor-element elementor-element-cde4508 elementor-widget elementor-widget-spacer\" data-id=\"cde4508\" data-element_type=\"widget\" data-e-type=\"widget\" data-widget_type=\"spacer.default\">\n\t\t\t\t<div class=\"elementor-widget-container\">\n\t\t\t\t\t\t\t<div class=\"elementor-spacer\">\n\t\t\t<div class=\"elementor-spacer-inner\"><\/div>\n\t\t<\/div>\n\t\t\t\t\t\t<\/div>\n\t\t\t\t<\/div>\n\t\t\t\t<div class=\"elementor-element elementor-element-8346019 elementor-widget elementor-widget-heading\" data-id=\"8346019\" data-element_type=\"widget\" data-e-type=\"widget\" data-widget_type=\"heading.default\">\n\t\t\t\t<div class=\"elementor-widget-container\">\n\t\t\t\t\t<h2 class=\"elementor-heading-title elementor-size-default\">Trasformare lo sviluppo della moda con Style3D<\/h2>\t\t\t\t<\/div>\n\t\t\t\t<\/div>\n\t\t\t\t\t<\/div>\n\t\t\t\t<\/div>\n\t\t<div class=\"elementor-element elementor-element-7bb2652 e-flex e-con-boxed wpr-particle-no wpr-jarallax-no wpr-parallax-no wpr-sticky-section-no e-con e-parent\" data-id=\"7bb2652\" data-element_type=\"container\" data-e-type=\"container\" data-settings=\"{&quot;background_background&quot;:&quot;classic&quot;}\">\n\t\t\t\t\t<div class=\"e-con-inner\">\n\t\t<div class=\"elementor-element elementor-element-d132ab1 e-con-full e-flex wpr-particle-no wpr-jarallax-no wpr-parallax-no wpr-sticky-section-no e-con e-child\" data-id=\"d132ab1\" data-element_type=\"container\" data-e-type=\"container\">\n\t\t\t\t<div class=\"elementor-element elementor-element-0981a66 elementor-widget elementor-widget-text-editor\" data-id=\"0981a66\" data-element_type=\"widget\" data-e-type=\"widget\" data-widget_type=\"text-editor.default\">\n\t\t\t\t<div class=\"elementor-widget-container\">\n\t\t\t\t\t\t\t\t\t<p>Per soddisfare le esigenze dei mercati fashion in rapida evoluzione, Servicio Completo punta su <strong data-start=\"621\" data-end=\"669\">velocit\u00e0, flessibilit\u00e0 e innovazione<\/strong>. Grazie all\u2019implementazione delle soluzioni Style3D | ASSYST, l\u2019azienda \u00e8 riuscita a snellire il processo di sviluppo delle collezioni, digitalizzare tessuti e design e collaborare in modo pi\u00f9 efficiente con clienti e partner. <\/p>\t\t\t\t\t\t\t\t<\/div>\n\t\t\t\t<\/div>\n\t\t\t\t<div class=\"elementor-element elementor-element-f5185cc elementor-testimonial--layout-image_above elementor-testimonial--skin-default elementor-testimonial--align-center elementor-arrows-yes elementor-pagination-type-bullets elementor-widget elementor-widget-testimonial-carousel\" data-id=\"f5185cc\" data-element_type=\"widget\" data-e-type=\"widget\" data-settings=\"{&quot;slides_per_view&quot;:&quot;1&quot;,&quot;show_arrows&quot;:&quot;yes&quot;,&quot;pagination&quot;:&quot;bullets&quot;,&quot;speed&quot;:500,&quot;autoplay&quot;:&quot;yes&quot;,&quot;autoplay_speed&quot;:5000,&quot;loop&quot;:&quot;yes&quot;,&quot;pause_on_hover&quot;:&quot;yes&quot;,&quot;pause_on_interaction&quot;:&quot;yes&quot;,&quot;space_between&quot;:{&quot;unit&quot;:&quot;px&quot;,&quot;size&quot;:10,&quot;sizes&quot;:[]},&quot;space_between_tablet&quot;:{&quot;unit&quot;:&quot;px&quot;,&quot;size&quot;:10,&quot;sizes&quot;:[]},&quot;space_between_mobile&quot;:{&quot;unit&quot;:&quot;px&quot;,&quot;size&quot;:10,&quot;sizes&quot;:[]}}\" data-widget_type=\"testimonial-carousel.default\">\n\t\t\t\t<div class=\"elementor-widget-container\">\n\t\t\t\t\t\t\t\t\t<div class=\"elementor-swiper\">\n\t\t\t\t\t<div class=\"elementor-main-swiper swiper\" role=\"region\" aria-roledescription=\"carousel\" aria-label=\"Slides\">\n\t\t\t\t<div class=\"swiper-wrapper\">\n\t\t\t\t\t\t\t\t\t\t\t<div class=\"swiper-slide\" role=\"group\" aria-roledescription=\"slide\">\n\t\t\t\t\t\t\t\t\t<div class=\"elementor-testimonial\">\n\t\t\t\t\t\t\t<div class=\"elementor-testimonial__content\">\n\t\t\t\t\t<div class=\"elementor-testimonial__text\">\n\t\t\t\t\t\t<p>Aiutiamo i nostri clienti a far crescere il loro business con un livello di design superiore e una risposta rapida al mercato. Per farlo, abbiamo bisogno di velocit\u00e0 di commercializzazione, agilit\u00e0 e flessibilit\u00e0 e Style3D \u00e8 il partner perfetto per questo. <\/p>\n\t\t\t\t\t<\/div>\n\t\t\t\t\t<cite class=\"elementor-testimonial__cite\"><span class=\"elementor-testimonial__name\">Camilo Molina<\/span><span class=\"elementor-testimonial__title\">Direttore generale, Servizio completo<\/span><\/cite>\t\t\t\t<\/div>\n\t\t\t\t\t\t<div class=\"elementor-testimonial__footer\">\n\t\t\t\t\t\t\t\t\t<div class=\"elementor-testimonial__image\">\n\t\t\t\t\t\t<img decoding=\"async\" src=\"https:\/\/style3d-assyst.com\/wp-content\/uploads\/2025\/07\/quote-sign-testimonials.jpg\" alt=\"Quote Icon\">\n\t\t\t\t\t\t\t\t\t\t\t<\/div>\n\t\t\t\t\t\t\t\t\t\t\t<\/div>\n\t\t<\/div>\n\t\t\t\t\t\t\t\t<\/div>\n\t\t\t\t\t\t\t\t\t<\/div>\n\t\t\t\t\t\t\t<\/div>\n\t\t\t\t<\/div>\n\t\t\t\t\t\t\t\t<\/div>\n\t\t\t\t<\/div>\n\t\t\t\t<\/div>\n\t\t<div class=\"elementor-element elementor-element-067fbed e-con-full e-flex wpr-particle-no wpr-jarallax-no wpr-parallax-no wpr-sticky-section-no e-con e-child\" data-id=\"067fbed\" data-element_type=\"container\" data-e-type=\"container\">\n\t\t<div class=\"elementor-element elementor-element-e11ce1b e-con-full e-flex wpr-particle-no wpr-jarallax-no wpr-parallax-no wpr-sticky-section-no e-con e-child\" data-id=\"e11ce1b\" data-element_type=\"container\" data-e-type=\"container\" data-settings=\"{&quot;background_background&quot;:&quot;classic&quot;}\">\n\t\t\t\t<div class=\"elementor-element elementor-element-ef76574 elementor-widget elementor-widget-heading\" data-id=\"ef76574\" data-element_type=\"widget\" data-e-type=\"widget\" data-widget_type=\"heading.default\">\n\t\t\t\t<div class=\"elementor-widget-container\">\n\t\t\t\t\t<h2 class=\"elementor-heading-title elementor-size-default\">Informazioni su Servicio Completo<\/h2>\t\t\t\t<\/div>\n\t\t\t\t<\/div>\n\t\t\t\t<div class=\"elementor-element elementor-element-1017ef0 elementor-widget elementor-widget-text-editor\" data-id=\"1017ef0\" data-element_type=\"widget\" data-e-type=\"widget\" data-widget_type=\"text-editor.default\">\n\t\t\t\t<div class=\"elementor-widget-container\">\n\t\t\t\t\t\t\t\t\t<ul><li>Fornitore di servizi completi di moda con sede in America Latina<\/li><li>Integrato verticalmente: progettazione, campionatura e produzione<\/li><li>10+ anni di esperienza di lavoro con grandi marchi<\/li><li>team di progettazione agile, che ti aiutano a creare collezioni o pezzi<\/li><li>capacit\u00e0 mensile installata di 150.000+ capi di abbigliamento<\/li><li>modello operativo leggero e supply chain garantita<\/li><\/ul>\t\t\t\t\t\t\t\t<\/div>\n\t\t\t\t<\/div>\n\t\t\t\t<\/div>\n\t\t\t\t<\/div>\n\t\t\t\t\t<\/div>\n\t\t\t\t<\/div>\n\t\t<div class=\"elementor-element elementor-element-c951b39 e-flex e-con-boxed wpr-particle-no wpr-jarallax-no wpr-parallax-no wpr-sticky-section-no e-con e-parent\" data-id=\"c951b39\" data-element_type=\"container\" data-e-type=\"container\" data-settings=\"{&quot;background_background&quot;:&quot;classic&quot;}\">\n\t\t\t\t\t<div class=\"e-con-inner\">\n\t\t\t\t<div class=\"elementor-element elementor-element-6de6eda elementor-widget elementor-widget-text-editor\" data-id=\"6de6eda\" data-element_type=\"widget\" data-e-type=\"widget\" data-widget_type=\"text-editor.default\">\n\t\t\t\t<div class=\"elementor-widget-container\">\n\t\t\t\t\t\t\t\t\t<p>Grazie agli strumenti avanzati 3D e AI di Style3D, Servicio Completo pu\u00f2 visualizzare e convalidare le collezioni gi\u00e0 nelle prime fasi del processo, riducendo la necessit\u00e0 di campioni fisici e minimizzando i rischi di inventario.<\/p><p data-start=\"1607\" data-end=\"1897\">Combinando la propria <strong data-start=\"1626\" data-end=\"1661\">esperienza nella produzione di moda<\/strong> con il <strong data-start=\"1677\" data-end=\"1710\">flusso di lavoro digitale all&#8217;avanguardia<\/strong> di Style3D, Servicio Completo \u00e8 ora in grado di offrire <strong data-start=\"1753\" data-end=\"1814\">collezioni pi\u00f9 veloci, pi\u00f9 sostenibili e pi\u00f9 innovative<\/strong>, aiutando i clienti a concentrarsi su ci\u00f2 che crea maggior valore per la loro attivit\u00e0.<\/p>\t\t\t\t\t\t\t\t<\/div>\n\t\t\t\t<\/div>\n\t\t\t\t<div class=\"elementor-element elementor-element-3e72790 elementor-widget elementor-widget-spacer\" data-id=\"3e72790\" data-element_type=\"widget\" data-e-type=\"widget\" data-widget_type=\"spacer.default\">\n\t\t\t\t<div class=\"elementor-widget-container\">\n\t\t\t\t\t\t\t<div class=\"elementor-spacer\">\n\t\t\t<div class=\"elementor-spacer-inner\"><\/div>\n\t\t<\/div>\n\t\t\t\t\t\t<\/div>\n\t\t\t\t<\/div>\n\t\t\t\t\t<\/div>\n\t\t\t\t<\/div>\n\t\t\t\t<\/div>\n\t\t","protected":false},"excerpt":{"rendered":"<p>Servicio Completo &#8211; Velocit\u00e0, qualit\u00e0 e innovazione Time to maret veloce qualit\u00e0 e coerenza superiori efficienza sostenibile Trasformare lo sviluppo della moda con Style3D Per soddisfare le esigenze dei mercati fashion in rapida evoluzione, Servicio Completo punta su velocit\u00e0, flessibilit\u00e0 e innovazione. Grazie all\u2019implementazione delle soluzioni Style3D | ASSYST, l\u2019azienda \u00e8 riuscita a snellire il processo di sviluppo delle collezioni, digitalizzare tessuti e design e collaborare in modo pi\u00f9 efficiente con clienti e partner. Aiutiamo i nostri clienti a far crescere il loro business con un livello di design superiore e una risposta rapida al mercato. Per farlo, abbiamo bisogno di velocit\u00e0 di commercializzazione, agilit\u00e0 e flessibilit\u00e0 e Style3D \u00e8 il partner perfetto per questo. Camilo MolinaDirettore generale, Servizio completo Informazioni su Servicio Completo Fornitore di servizi completi di moda con sede in America Latina Integrato verticalmente: progettazione, campionatura e produzione 10+ anni di esperienza di lavoro con grandi marchi team di progettazione agile, che ti aiutano a creare collezioni o pezzi capacit\u00e0 mensile installata di 150.000+ capi di abbigliamento modello operativo leggero e supply chain garantita Grazie agli strumenti avanzati 3D e AI di Style3D, Servicio Completo pu\u00f2 visualizzare e convalidare le collezioni gi\u00e0 nelle prime fasi del processo, riducendo la necessit\u00e0 di campioni fisici e minimizzando i rischi di inventario. Combinando la propria esperienza nella produzione di moda con il flusso di lavoro digitale all&#8217;avanguardia di Style3D, Servicio Completo \u00e8 ora in grado di offrire collezioni pi\u00f9 veloci, pi\u00f9 sostenibili e pi\u00f9 innovative, aiutando i clienti a concentrarsi su ci\u00f2 che crea maggior valore per la loro attivit\u00e0.<\/p>\n","protected":false},"author":9,"featured_media":6043,"parent":6525,"menu_order":0,"comment_status":"closed","ping_status":"closed","template":"","meta":{"_acf_changed":false,"content-type":"","footnotes":""},"class_list":["post-6504","page","type-page","status-publish","has-post-thumbnail","hentry"],"acf":[],"yoast_head":"<!-- This site is optimized with the Yoast SEO plugin v27.5 - https:\/\/yoast.com\/product\/yoast-seo-wordpress\/ -->\n<title>Servizio completo - Style3D | Assyst<\/title>\n<meta name=\"description\" content=\"Servicio Completo accelera la moda con Style3D | ASSYST: tempi di commercializzazione pi\u00f9 rapidi, maggiore qualit\u00e0 ed efficienza sostenibile.\" \/>\n<meta name=\"robots\" content=\"index, follow, max-snippet:-1, max-image-preview:large, max-video-preview:-1\" \/>\n<link rel=\"canonical\" href=\"https:\/\/style3d-assyst.com\/it\/case-studies\/servicio-completo\/\" \/>\n<meta property=\"og:locale\" content=\"it_IT\" \/>\n<meta property=\"og:type\" content=\"article\" \/>\n<meta property=\"og:title\" content=\"Servizio completo - Style3D | Assyst\" \/>\n<meta property=\"og:description\" content=\"Servicio Completo accelera la moda con Style3D | ASSYST: tempi di commercializzazione pi\u00f9 rapidi, maggiore qualit\u00e0 ed efficienza sostenibile.\" \/>\n<meta property=\"og:url\" content=\"https:\/\/style3d-assyst.com\/it\/case-studies\/servicio-completo\/\" \/>\n<meta property=\"og:site_name\" content=\"Style3D | Assyst\" \/>\n<meta property=\"article:modified_time\" content=\"2025-09-16T12:40:16+00:00\" \/>\n<meta property=\"og:image\" content=\"https:\/\/style3d-assyst.com\/wp-content\/uploads\/2025\/08\/Servicio-completo-Header.jpg\" \/>\n\t<meta property=\"og:image:width\" content=\"967\" \/>\n\t<meta property=\"og:image:height\" content=\"929\" \/>\n\t<meta property=\"og:image:type\" content=\"image\/jpeg\" \/>\n<meta name=\"twitter:card\" content=\"summary_large_image\" \/>\n<meta name=\"twitter:label1\" content=\"Tempo di lettura stimato\" \/>\n\t<meta name=\"twitter:data1\" content=\"2 minuti\" \/>\n<script type=\"application\/ld+json\" class=\"yoast-schema-graph\">{\"@context\":\"https:\\\/\\\/schema.org\",\"@graph\":[{\"@type\":\"WebPage\",\"@id\":\"https:\\\/\\\/style3d-assyst.com\\\/it\\\/case-studies\\\/servicio-completo\\\/\",\"url\":\"https:\\\/\\\/style3d-assyst.com\\\/it\\\/case-studies\\\/servicio-completo\\\/\",\"name\":\"Servizio completo - Style3D | Assyst\",\"isPartOf\":{\"@id\":\"https:\\\/\\\/style3d-assyst.com\\\/it\\\/#website\"},\"primaryImageOfPage\":{\"@id\":\"https:\\\/\\\/style3d-assyst.com\\\/it\\\/case-studies\\\/servicio-completo\\\/#primaryimage\"},\"image\":{\"@id\":\"https:\\\/\\\/style3d-assyst.com\\\/it\\\/case-studies\\\/servicio-completo\\\/#primaryimage\"},\"thumbnailUrl\":\"https:\\\/\\\/style3d-assyst.com\\\/wp-content\\\/uploads\\\/2025\\\/08\\\/Servicio-completo-Header.jpg\",\"datePublished\":\"2025-07-30T08:56:50+00:00\",\"dateModified\":\"2025-09-16T12:40:16+00:00\",\"description\":\"Servicio Completo accelera la moda con Style3D | ASSYST: tempi di commercializzazione pi\u00f9 rapidi, maggiore qualit\u00e0 ed efficienza sostenibile.\",\"breadcrumb\":{\"@id\":\"https:\\\/\\\/style3d-assyst.com\\\/it\\\/case-studies\\\/servicio-completo\\\/#breadcrumb\"},\"inLanguage\":\"it-IT\",\"potentialAction\":[{\"@type\":\"ReadAction\",\"target\":[\"https:\\\/\\\/style3d-assyst.com\\\/it\\\/case-studies\\\/servicio-completo\\\/\"]}]},{\"@type\":\"ImageObject\",\"inLanguage\":\"it-IT\",\"@id\":\"https:\\\/\\\/style3d-assyst.com\\\/it\\\/case-studies\\\/servicio-completo\\\/#primaryimage\",\"url\":\"https:\\\/\\\/style3d-assyst.com\\\/wp-content\\\/uploads\\\/2025\\\/08\\\/Servicio-completo-Header.jpg\",\"contentUrl\":\"https:\\\/\\\/style3d-assyst.com\\\/wp-content\\\/uploads\\\/2025\\\/08\\\/Servicio-completo-Header.jpg\",\"width\":967,\"height\":929,\"caption\":\"Servizio completo\"},{\"@type\":\"BreadcrumbList\",\"@id\":\"https:\\\/\\\/style3d-assyst.com\\\/it\\\/case-studies\\\/servicio-completo\\\/#breadcrumb\",\"itemListElement\":[{\"@type\":\"ListItem\",\"position\":1,\"name\":\"Sito iniziale\",\"item\":\"https:\\\/\\\/style3d-assyst.com\\\/it\\\/\"},{\"@type\":\"ListItem\",\"position\":2,\"name\":\"Case Studies\",\"item\":\"https:\\\/\\\/style3d-assyst.com\\\/it\\\/case-studies\\\/\"},{\"@type\":\"ListItem\",\"position\":3,\"name\":\"Servizio completo\"}]},{\"@type\":\"WebSite\",\"@id\":\"https:\\\/\\\/style3d-assyst.com\\\/it\\\/#website\",\"url\":\"https:\\\/\\\/style3d-assyst.com\\\/it\\\/\",\"name\":\"Style3D | Assyst\",\"description\":\"Simulazione 3D, 2D-CAD per la struttura modulare\",\"publisher\":{\"@id\":\"https:\\\/\\\/style3d-assyst.com\\\/it\\\/#organization\"},\"potentialAction\":[{\"@type\":\"SearchAction\",\"target\":{\"@type\":\"EntryPoint\",\"urlTemplate\":\"https:\\\/\\\/style3d-assyst.com\\\/it\\\/?s={search_term_string}\"},\"query-input\":{\"@type\":\"PropertyValueSpecification\",\"valueRequired\":true,\"valueName\":\"search_term_string\"}}],\"inLanguage\":\"it-IT\"},{\"@type\":\"Organization\",\"@id\":\"https:\\\/\\\/style3d-assyst.com\\\/it\\\/#organization\",\"name\":\"Style3D | Assyst\",\"url\":\"https:\\\/\\\/style3d-assyst.com\\\/it\\\/\",\"logo\":{\"@type\":\"ImageObject\",\"inLanguage\":\"it-IT\",\"@id\":\"https:\\\/\\\/style3d-assyst.com\\\/it\\\/#\\\/schema\\\/logo\\\/image\\\/\",\"url\":\"https:\\\/\\\/style3d-assyst.com\\\/wp-content\\\/uploads\\\/2025\\\/06\\\/logo-style3d-assyst.png\",\"contentUrl\":\"https:\\\/\\\/style3d-assyst.com\\\/wp-content\\\/uploads\\\/2025\\\/06\\\/logo-style3d-assyst.png\",\"width\":855,\"height\":103,\"caption\":\"Style3D | Assyst\"},\"image\":{\"@id\":\"https:\\\/\\\/style3d-assyst.com\\\/it\\\/#\\\/schema\\\/logo\\\/image\\\/\"},\"sameAs\":[\"https:\\\/\\\/www.linkedin.com\\\/company\\\/assyst-gmbh\\\/\",\"https:\\\/\\\/www.instagram.com\\\/style3d.assyst\",\"https:\\\/\\\/www.youtube.com\\\/channel\\\/UCL09FVvHxGd2XGgdM94FD0w\"]}]}<\/script>\n<!-- \/ Yoast SEO plugin. -->","yoast_head_json":{"title":"Servizio completo - Style3D | Assyst","description":"Servicio Completo accelera la moda con Style3D | ASSYST: tempi di commercializzazione pi\u00f9 rapidi, maggiore qualit\u00e0 ed efficienza sostenibile.","robots":{"index":"index","follow":"follow","max-snippet":"max-snippet:-1","max-image-preview":"max-image-preview:large","max-video-preview":"max-video-preview:-1"},"canonical":"https:\/\/style3d-assyst.com\/it\/case-studies\/servicio-completo\/","og_locale":"it_IT","og_type":"article","og_title":"Servizio completo - Style3D | Assyst","og_description":"Servicio Completo accelera la moda con Style3D | ASSYST: tempi di commercializzazione pi\u00f9 rapidi, maggiore qualit\u00e0 ed efficienza sostenibile.","og_url":"https:\/\/style3d-assyst.com\/it\/case-studies\/servicio-completo\/","og_site_name":"Style3D | Assyst","article_modified_time":"2025-09-16T12:40:16+00:00","og_image":[{"width":967,"height":929,"url":"https:\/\/style3d-assyst.com\/wp-content\/uploads\/2025\/08\/Servicio-completo-Header.jpg","type":"image\/jpeg"}],"twitter_card":"summary_large_image","twitter_misc":{"Tempo di lettura stimato":"2 minuti"},"schema":{"@context":"https:\/\/schema.org","@graph":[{"@type":"WebPage","@id":"https:\/\/style3d-assyst.com\/it\/case-studies\/servicio-completo\/","url":"https:\/\/style3d-assyst.com\/it\/case-studies\/servicio-completo\/","name":"Servizio completo - Style3D | Assyst","isPartOf":{"@id":"https:\/\/style3d-assyst.com\/it\/#website"},"primaryImageOfPage":{"@id":"https:\/\/style3d-assyst.com\/it\/case-studies\/servicio-completo\/#primaryimage"},"image":{"@id":"https:\/\/style3d-assyst.com\/it\/case-studies\/servicio-completo\/#primaryimage"},"thumbnailUrl":"https:\/\/style3d-assyst.com\/wp-content\/uploads\/2025\/08\/Servicio-completo-Header.jpg","datePublished":"2025-07-30T08:56:50+00:00","dateModified":"2025-09-16T12:40:16+00:00","description":"Servicio Completo accelera la moda con Style3D | ASSYST: tempi di commercializzazione pi\u00f9 rapidi, maggiore qualit\u00e0 ed efficienza sostenibile.","breadcrumb":{"@id":"https:\/\/style3d-assyst.com\/it\/case-studies\/servicio-completo\/#breadcrumb"},"inLanguage":"it-IT","potentialAction":[{"@type":"ReadAction","target":["https:\/\/style3d-assyst.com\/it\/case-studies\/servicio-completo\/"]}]},{"@type":"ImageObject","inLanguage":"it-IT","@id":"https:\/\/style3d-assyst.com\/it\/case-studies\/servicio-completo\/#primaryimage","url":"https:\/\/style3d-assyst.com\/wp-content\/uploads\/2025\/08\/Servicio-completo-Header.jpg","contentUrl":"https:\/\/style3d-assyst.com\/wp-content\/uploads\/2025\/08\/Servicio-completo-Header.jpg","width":967,"height":929,"caption":"Servizio completo"},{"@type":"BreadcrumbList","@id":"https:\/\/style3d-assyst.com\/it\/case-studies\/servicio-completo\/#breadcrumb","itemListElement":[{"@type":"ListItem","position":1,"name":"Sito iniziale","item":"https:\/\/style3d-assyst.com\/it\/"},{"@type":"ListItem","position":2,"name":"Case Studies","item":"https:\/\/style3d-assyst.com\/it\/case-studies\/"},{"@type":"ListItem","position":3,"name":"Servizio completo"}]},{"@type":"WebSite","@id":"https:\/\/style3d-assyst.com\/it\/#website","url":"https:\/\/style3d-assyst.com\/it\/","name":"Style3D | Assyst","description":"Simulazione 3D, 2D-CAD per la struttura modulare","publisher":{"@id":"https:\/\/style3d-assyst.com\/it\/#organization"},"potentialAction":[{"@type":"SearchAction","target":{"@type":"EntryPoint","urlTemplate":"https:\/\/style3d-assyst.com\/it\/?s={search_term_string}"},"query-input":{"@type":"PropertyValueSpecification","valueRequired":true,"valueName":"search_term_string"}}],"inLanguage":"it-IT"},{"@type":"Organization","@id":"https:\/\/style3d-assyst.com\/it\/#organization","name":"Style3D | Assyst","url":"https:\/\/style3d-assyst.com\/it\/","logo":{"@type":"ImageObject","inLanguage":"it-IT","@id":"https:\/\/style3d-assyst.com\/it\/#\/schema\/logo\/image\/","url":"https:\/\/style3d-assyst.com\/wp-content\/uploads\/2025\/06\/logo-style3d-assyst.png","contentUrl":"https:\/\/style3d-assyst.com\/wp-content\/uploads\/2025\/06\/logo-style3d-assyst.png","width":855,"height":103,"caption":"Style3D | Assyst"},"image":{"@id":"https:\/\/style3d-assyst.com\/it\/#\/schema\/logo\/image\/"},"sameAs":["https:\/\/www.linkedin.com\/company\/assyst-gmbh\/","https:\/\/www.instagram.com\/style3d.assyst","https:\/\/www.youtube.com\/channel\/UCL09FVvHxGd2XGgdM94FD0w"]}]}},"_links":{"self":[{"href":"https:\/\/style3d-assyst.com\/it\/wp-json\/wp\/v2\/pages\/6504","targetHints":{"allow":["GET"]}}],"collection":[{"href":"https:\/\/style3d-assyst.com\/it\/wp-json\/wp\/v2\/pages"}],"about":[{"href":"https:\/\/style3d-assyst.com\/it\/wp-json\/wp\/v2\/types\/page"}],"author":[{"embeddable":true,"href":"https:\/\/style3d-assyst.com\/it\/wp-json\/wp\/v2\/users\/9"}],"replies":[{"embeddable":true,"href":"https:\/\/style3d-assyst.com\/it\/wp-json\/wp\/v2\/comments?post=6504"}],"version-history":[{"count":11,"href":"https:\/\/style3d-assyst.com\/it\/wp-json\/wp\/v2\/pages\/6504\/revisions"}],"predecessor-version":[{"id":10719,"href":"https:\/\/style3d-assyst.com\/it\/wp-json\/wp\/v2\/pages\/6504\/revisions\/10719"}],"up":[{"embeddable":true,"href":"https:\/\/style3d-assyst.com\/it\/wp-json\/wp\/v2\/pages\/6525"}],"wp:featuredmedia":[{"embeddable":true,"href":"https:\/\/style3d-assyst.com\/it\/wp-json\/wp\/v2\/media\/6043"}],"wp:attachment":[{"href":"https:\/\/style3d-assyst.com\/it\/wp-json\/wp\/v2\/media?parent=6504"}],"curies":[{"name":"wp","href":"https:\/\/api.w.org\/{rel}","templated":true}]}}