{"id":6676,"date":"2025-07-30T10:56:50","date_gmt":"2025-07-30T08:56:50","guid":{"rendered":"https:\/\/style3d-assyst.com\/fallstudien\/vollstaendiger-service\/"},"modified":"2025-09-17T09:45:45","modified_gmt":"2025-09-17T07:45:45","slug":"servicio-completo","status":"publish","type":"page","link":"https:\/\/style3d-assyst.com\/de\/case-studies\/servicio-completo\/","title":{"rendered":"Servicio Completo"},"content":{"rendered":"\t\t<div data-elementor-type=\"wp-page\" data-elementor-id=\"6676\" class=\"elementor elementor-6676 elementor-2121\" data-elementor-post-type=\"page\">\n\t\t\t\t<div class=\"elementor-element elementor-element-a6f0768 e-flex e-con-boxed wpr-particle-no wpr-jarallax-no wpr-parallax-no wpr-sticky-section-no e-con e-parent\" data-id=\"a6f0768\" data-element_type=\"container\" data-e-type=\"container\" data-settings=\"{&quot;background_background&quot;:&quot;classic&quot;}\">\n\t\t\t\t\t<div class=\"e-con-inner\">\n\t\t<div class=\"elementor-element elementor-element-aef309d e-con-full e-flex wpr-particle-no wpr-jarallax-no wpr-parallax-no wpr-sticky-section-no e-con e-child\" data-id=\"aef309d\" data-element_type=\"container\" data-e-type=\"container\" data-settings=\"{&quot;background_background&quot;:&quot;classic&quot;}\">\n\t\t\t\t<\/div>\n\t\t<div class=\"elementor-element elementor-element-40e8332 e-con-full e-flex wpr-particle-no wpr-jarallax-no wpr-parallax-no wpr-sticky-section-no e-con e-child\" data-id=\"40e8332\" data-element_type=\"container\" data-e-type=\"container\" data-settings=\"{&quot;background_background&quot;:&quot;classic&quot;}\">\n\t\t\t\t<div class=\"elementor-element elementor-element-571df6d elementor-widget elementor-widget-image\" data-id=\"571df6d\" data-element_type=\"widget\" data-e-type=\"widget\" data-widget_type=\"image.default\">\n\t\t\t\t<div class=\"elementor-widget-container\">\n\t\t\t\t\t\t\t\t\t\t\t\t\t\t\t<img fetchpriority=\"high\" decoding=\"async\" width=\"800\" height=\"325\" src=\"https:\/\/style3d-assyst.com\/wp-content\/uploads\/2025\/08\/Logo-Negro-SC.png\" class=\"attachment-large size-large wp-image-6038\" alt=\"Servicio Completo Logo\" srcset=\"https:\/\/style3d-assyst.com\/wp-content\/uploads\/2025\/08\/Logo-Negro-SC.png 866w, https:\/\/style3d-assyst.com\/wp-content\/uploads\/2025\/08\/Logo-Negro-SC-300x122.png 300w, https:\/\/style3d-assyst.com\/wp-content\/uploads\/2025\/08\/Logo-Negro-SC-768x312.png 768w\" sizes=\"(max-width: 800px) 100vw, 800px\" \/>\t\t\t\t\t\t\t\t\t\t\t\t\t\t\t<\/div>\n\t\t\t\t<\/div>\n\t\t\t\t<div class=\"elementor-element elementor-element-4ac0d22 elementor-widget elementor-widget-heading\" data-id=\"4ac0d22\" data-element_type=\"widget\" data-e-type=\"widget\" data-widget_type=\"heading.default\">\n\t\t\t\t<div class=\"elementor-widget-container\">\n\t\t\t\t\t<h1 class=\"elementor-heading-title elementor-size-default\">Qualit\u00e4t und Innovation\n<\/h1>\t\t\t\t<\/div>\n\t\t\t\t<\/div>\n\t\t\t\t<div class=\"elementor-element elementor-element-1f6e217 elementor-widget elementor-widget-text-editor\" data-id=\"1f6e217\" data-element_type=\"widget\" data-e-type=\"widget\" data-widget_type=\"text-editor.default\">\n\t\t\t\t<div class=\"elementor-widget-container\">\n\t\t\t\t\t\t\t\t\t<ul><li>Schnelle Markteinf\u00fchrung<\/li><li>h\u00f6here Qualit\u00e4t &amp; Konsistenz<\/li><li>nachhaltige Effizienz<\/li><\/ul>\t\t\t\t\t\t\t\t<\/div>\n\t\t\t\t<\/div>\n\t\t\t\t<\/div>\n\t\t\t\t\t<\/div>\n\t\t\t\t<\/div>\n\t\t<div class=\"elementor-element elementor-element-f47b03b e-flex e-con-boxed wpr-particle-no wpr-jarallax-no wpr-parallax-no wpr-sticky-section-no e-con e-parent\" data-id=\"f47b03b\" data-element_type=\"container\" data-e-type=\"container\" data-settings=\"{&quot;background_background&quot;:&quot;classic&quot;}\">\n\t\t\t\t\t<div class=\"e-con-inner\">\n\t\t\t\t<div class=\"elementor-element elementor-element-cde4508 elementor-widget elementor-widget-spacer\" data-id=\"cde4508\" data-element_type=\"widget\" data-e-type=\"widget\" data-widget_type=\"spacer.default\">\n\t\t\t\t<div class=\"elementor-widget-container\">\n\t\t\t\t\t\t\t<div class=\"elementor-spacer\">\n\t\t\t<div class=\"elementor-spacer-inner\"><\/div>\n\t\t<\/div>\n\t\t\t\t\t\t<\/div>\n\t\t\t\t<\/div>\n\t\t\t\t<div class=\"elementor-element elementor-element-8346019 elementor-widget elementor-widget-heading\" data-id=\"8346019\" data-element_type=\"widget\" data-e-type=\"widget\" data-widget_type=\"heading.default\">\n\t\t\t\t<div class=\"elementor-widget-container\">\n\t\t\t\t\t<h2 class=\"elementor-heading-title elementor-size-default\">Fashion-Design mit Style3D revolutionieren<\/h2>\t\t\t\t<\/div>\n\t\t\t\t<\/div>\n\t\t\t\t\t<\/div>\n\t\t\t\t<\/div>\n\t\t<div class=\"elementor-element elementor-element-7bb2652 e-flex e-con-boxed wpr-particle-no wpr-jarallax-no wpr-parallax-no wpr-sticky-section-no e-con e-parent\" data-id=\"7bb2652\" data-element_type=\"container\" data-e-type=\"container\" data-settings=\"{&quot;background_background&quot;:&quot;classic&quot;}\">\n\t\t\t\t\t<div class=\"e-con-inner\">\n\t\t<div class=\"elementor-element elementor-element-d132ab1 e-con-full e-flex wpr-particle-no wpr-jarallax-no wpr-parallax-no wpr-sticky-section-no e-con e-child\" data-id=\"d132ab1\" data-element_type=\"container\" data-e-type=\"container\">\n\t\t\t\t<div class=\"elementor-element elementor-element-0981a66 elementor-widget elementor-widget-text-editor\" data-id=\"0981a66\" data-element_type=\"widget\" data-e-type=\"widget\" data-widget_type=\"text-editor.default\">\n\t\t\t\t<div class=\"elementor-widget-container\">\n\t\t\t\t\t\t\t\t\t<p><span style=\"color: #000000;\">Um den Anforderungen der sich schnell ver\u00e4ndernden Fashion Branche gerecht zu werden, setzt Servicio Completo auf <strong data-start=\"621\" data-end=\"669\">schnelle Markteinf\u00fchrung, Flexibilit\u00e4t und Innovation<\/strong>. Durch die Implementierung der L\u00f6sungen von Style3D | ASSYST konnte das Unternehmen seinen Kollektionsentwicklungsprozess rationalisieren, Stoffe und Designs digitalisieren und effizienter mit Kunden und Partnern zusammenarbeiten.<\/span><\/p>\t\t\t\t\t\t\t\t<\/div>\n\t\t\t\t<\/div>\n\t\t\t\t<div class=\"elementor-element elementor-element-f5185cc elementor-testimonial--layout-image_above elementor-testimonial--skin-default elementor-testimonial--align-center elementor-arrows-yes elementor-pagination-type-bullets elementor-widget elementor-widget-testimonial-carousel\" data-id=\"f5185cc\" data-element_type=\"widget\" data-e-type=\"widget\" data-settings=\"{&quot;slides_per_view&quot;:&quot;1&quot;,&quot;show_arrows&quot;:&quot;yes&quot;,&quot;pagination&quot;:&quot;bullets&quot;,&quot;speed&quot;:500,&quot;autoplay&quot;:&quot;yes&quot;,&quot;autoplay_speed&quot;:5000,&quot;loop&quot;:&quot;yes&quot;,&quot;pause_on_hover&quot;:&quot;yes&quot;,&quot;pause_on_interaction&quot;:&quot;yes&quot;,&quot;space_between&quot;:{&quot;unit&quot;:&quot;px&quot;,&quot;size&quot;:10,&quot;sizes&quot;:[]},&quot;space_between_tablet&quot;:{&quot;unit&quot;:&quot;px&quot;,&quot;size&quot;:10,&quot;sizes&quot;:[]},&quot;space_between_mobile&quot;:{&quot;unit&quot;:&quot;px&quot;,&quot;size&quot;:10,&quot;sizes&quot;:[]}}\" data-widget_type=\"testimonial-carousel.default\">\n\t\t\t\t<div class=\"elementor-widget-container\">\n\t\t\t\t\t\t\t\t\t<div class=\"elementor-swiper\">\n\t\t\t\t\t<div class=\"elementor-main-swiper swiper\" role=\"region\" aria-roledescription=\"carousel\" aria-label=\"Slides\">\n\t\t\t\t<div class=\"swiper-wrapper\">\n\t\t\t\t\t\t\t\t\t\t\t<div class=\"swiper-slide\" role=\"group\" aria-roledescription=\"slide\">\n\t\t\t\t\t\t\t\t\t<div class=\"elementor-testimonial\">\n\t\t\t\t\t\t\t<div class=\"elementor-testimonial__content\">\n\t\t\t\t\t<div class=\"elementor-testimonial__text\">\n\t\t\t\t\t\t<p>Wir helfen unseren Kunden, ihr Gesch\u00e4ft mit einem \u00fcberragenden Designniveau und einer schnellen Reaktion auf den Markt zu erweitern. Daf\u00fcr brauchen wir Schnelligkeit, Agilit\u00e4t und Flexibilit\u00e4t - und Style3D ist der perfekte Partner daf\u00fcr. <\/p>\n\t\t\t\t\t<\/div>\n\t\t\t\t\t<cite class=\"elementor-testimonial__cite\"><span class=\"elementor-testimonial__name\">Camilo Molina<\/span><span class=\"elementor-testimonial__title\">General Manager, Servicio completo<\/span><\/cite>\t\t\t\t<\/div>\n\t\t\t\t\t\t<div class=\"elementor-testimonial__footer\">\n\t\t\t\t\t\t\t\t\t<div class=\"elementor-testimonial__image\">\n\t\t\t\t\t\t<img decoding=\"async\" src=\"https:\/\/style3d-assyst.com\/wp-content\/uploads\/2025\/07\/quote-sign-testimonials.jpg\" alt=\"Quote Icon\">\n\t\t\t\t\t\t\t\t\t\t\t<\/div>\n\t\t\t\t\t\t\t\t\t\t\t<\/div>\n\t\t<\/div>\n\t\t\t\t\t\t\t\t<\/div>\n\t\t\t\t\t\t\t\t\t<\/div>\n\t\t\t\t\t\t\t<\/div>\n\t\t\t\t<\/div>\n\t\t\t\t\t\t\t\t<\/div>\n\t\t\t\t<\/div>\n\t\t\t\t<\/div>\n\t\t<div class=\"elementor-element elementor-element-067fbed e-con-full e-flex wpr-particle-no wpr-jarallax-no wpr-parallax-no wpr-sticky-section-no e-con e-child\" data-id=\"067fbed\" data-element_type=\"container\" data-e-type=\"container\">\n\t\t<div class=\"elementor-element elementor-element-e11ce1b e-con-full e-flex wpr-particle-no wpr-jarallax-no wpr-parallax-no wpr-sticky-section-no e-con e-child\" data-id=\"e11ce1b\" data-element_type=\"container\" data-e-type=\"container\" data-settings=\"{&quot;background_background&quot;:&quot;classic&quot;}\">\n\t\t\t\t<div class=\"elementor-element elementor-element-ef76574 elementor-widget elementor-widget-heading\" data-id=\"ef76574\" data-element_type=\"widget\" data-e-type=\"widget\" data-widget_type=\"heading.default\">\n\t\t\t\t<div class=\"elementor-widget-container\">\n\t\t\t\t\t<h2 class=\"elementor-heading-title elementor-size-default\">\u00dcber Servicio Completo<\/h2>\t\t\t\t<\/div>\n\t\t\t\t<\/div>\n\t\t\t\t<div class=\"elementor-element elementor-element-1017ef0 elementor-widget elementor-widget-text-editor\" data-id=\"1017ef0\" data-element_type=\"widget\" data-e-type=\"widget\" data-widget_type=\"text-editor.default\">\n\t\t\t\t<div class=\"elementor-widget-container\">\n\t\t\t\t\t\t\t\t\t<ul><li><span style=\"color: #000000;\">Full-Service-Anbieter f\u00fcr Mode mit Sitz in Lateinamerika<\/span><\/li><li><span style=\"color: #000000;\">vertikal integriert: Entwurf, Bemusterung und Produktion<\/span><\/li><li><span style=\"color: #000000;\">10+ Jahre Erfahrung in der Arbeit mit gro\u00dfen Marken<\/span><\/li><li><span style=\"color: #000000;\">agiles Designteam, das Ihnen hilft, Kollektionen oder St\u00fccke zu erstellen<\/span><\/li><li><span style=\"color: #000000;\">Monatlich installierte Kapazit\u00e4t von 150 000+ Kleidungsst\u00fccken<\/span><\/li><li><span style=\"color: #000000;\">Leichtes Betriebsmodell und garantierte Lieferkette<\/span><\/li><\/ul>\t\t\t\t\t\t\t\t<\/div>\n\t\t\t\t<\/div>\n\t\t\t\t<\/div>\n\t\t\t\t<\/div>\n\t\t\t\t\t<\/div>\n\t\t\t\t<\/div>\n\t\t<div class=\"elementor-element elementor-element-c951b39 e-flex e-con-boxed wpr-particle-no wpr-jarallax-no wpr-parallax-no wpr-sticky-section-no e-con e-parent\" data-id=\"c951b39\" data-element_type=\"container\" data-e-type=\"container\" data-settings=\"{&quot;background_background&quot;:&quot;classic&quot;}\">\n\t\t\t\t\t<div class=\"e-con-inner\">\n\t\t\t\t<div class=\"elementor-element elementor-element-6de6eda elementor-widget elementor-widget-text-editor\" data-id=\"6de6eda\" data-element_type=\"widget\" data-e-type=\"widget\" data-widget_type=\"text-editor.default\">\n\t\t\t\t<div class=\"elementor-widget-container\">\n\t\t\t\t\t\t\t\t\t<p><span style=\"color: #000000;\">Mit den fortschrittlichen 3D- und KI-gesteuerten Tools von Style3D kann Servicio Completo Kollektionen fr\u00fcher im Prozess visualisieren und validieren, wodurch sich die Notwendigkeit physischer Probenahmen verringert und Bestandsrisiken minimiert werden.<\/span><\/p><p data-start=\"1607\" data-end=\"1897\"><span style=\"color: #000000;\">Durch die Kombination ihrer <strong data-start=\"1626\" data-end=\"1661\">Expertise in der Modeproduktion<\/strong> mit dem <strong data-start=\"1677\" data-end=\"1710\">hochmodernen digitalen Workflow<\/strong> von Style3D ist Servicio Completo nun in der Lage, <strong data-start=\"1753\" data-end=\"1814\">schnellere, nachhaltigere und innovativere Kollektionen<\/strong> zu liefern &#8211; und gleichzeitig den Kunden zu helfen, sich auf das zu konzentrieren, was den gr\u00f6\u00dften Wert f\u00fcr ihr Unternehmen schafft.<\/span><\/p>\t\t\t\t\t\t\t\t<\/div>\n\t\t\t\t<\/div>\n\t\t\t\t<div class=\"elementor-element elementor-element-3e72790 elementor-widget elementor-widget-spacer\" data-id=\"3e72790\" data-element_type=\"widget\" data-e-type=\"widget\" data-widget_type=\"spacer.default\">\n\t\t\t\t<div class=\"elementor-widget-container\">\n\t\t\t\t\t\t\t<div class=\"elementor-spacer\">\n\t\t\t<div class=\"elementor-spacer-inner\"><\/div>\n\t\t<\/div>\n\t\t\t\t\t\t<\/div>\n\t\t\t\t<\/div>\n\t\t\t\t\t<\/div>\n\t\t\t\t<\/div>\n\t\t\t\t<\/div>\n\t\t","protected":false},"excerpt":{"rendered":"<p>Qualit\u00e4t und Innovation Schnelle Markteinf\u00fchrung h\u00f6here Qualit\u00e4t &amp; Konsistenz nachhaltige Effizienz Fashion-Design mit Style3D revolutionieren Um den Anforderungen der sich schnell ver\u00e4ndernden Fashion Branche gerecht zu werden, setzt Servicio Completo auf schnelle Markteinf\u00fchrung, Flexibilit\u00e4t und Innovation. Durch die Implementierung der L\u00f6sungen von Style3D | ASSYST konnte das Unternehmen seinen Kollektionsentwicklungsprozess rationalisieren, Stoffe und Designs digitalisieren und effizienter mit Kunden und Partnern zusammenarbeiten. Wir helfen unseren Kunden, ihr Gesch\u00e4ft mit einem \u00fcberragenden Designniveau und einer schnellen Reaktion auf den Markt zu erweitern. Daf\u00fcr brauchen wir Schnelligkeit, Agilit\u00e4t und Flexibilit\u00e4t &#8211; und Style3D ist der perfekte Partner daf\u00fcr. Camilo MolinaGeneral Manager, Servicio completo \u00dcber Servicio Completo Full-Service-Anbieter f\u00fcr Mode mit Sitz in Lateinamerika vertikal integriert: Entwurf, Bemusterung und Produktion 10+ Jahre Erfahrung in der Arbeit mit gro\u00dfen Marken agiles Designteam, das Ihnen hilft, Kollektionen oder St\u00fccke zu erstellen Monatlich installierte Kapazit\u00e4t von 150 000+ Kleidungsst\u00fccken Leichtes Betriebsmodell und garantierte Lieferkette Mit den fortschrittlichen 3D- und KI-gesteuerten Tools von Style3D kann Servicio Completo Kollektionen fr\u00fcher im Prozess visualisieren und validieren, wodurch sich die Notwendigkeit physischer Probenahmen verringert und Bestandsrisiken minimiert werden. Durch die Kombination ihrer Expertise in der Modeproduktion mit dem hochmodernen digitalen Workflow von Style3D ist Servicio Completo nun in der Lage, schnellere, nachhaltigere und innovativere Kollektionen zu liefern &#8211; und gleichzeitig den Kunden zu helfen, sich auf das zu konzentrieren, was den gr\u00f6\u00dften Wert f\u00fcr ihr Unternehmen schafft.<\/p>\n","protected":false},"author":9,"featured_media":6042,"parent":6530,"menu_order":0,"comment_status":"closed","ping_status":"closed","template":"","meta":{"_acf_changed":false,"content-type":"","footnotes":""},"class_list":["post-6676","page","type-page","status-publish","has-post-thumbnail","hentry"],"acf":[],"yoast_head":"<!-- This site is optimized with the Yoast SEO plugin v27.5 - https:\/\/yoast.com\/product\/yoast-seo-wordpress\/ -->\n<title>Servicio Completo - Style3D | Assyst<\/title>\n<meta name=\"description\" content=\"Servicio Completo setzt auf schnelle Markteinf\u00fchrung, Flexibilit\u00e4t und Innovation durch das Implementieren von Style3D | ASSYST Technologie.\" \/>\n<meta name=\"robots\" content=\"index, follow, max-snippet:-1, max-image-preview:large, max-video-preview:-1\" \/>\n<link rel=\"canonical\" href=\"https:\/\/style3d-assyst.com\/de\/case-studies\/servicio-completo\/\" \/>\n<meta property=\"og:locale\" content=\"de_DE\" \/>\n<meta property=\"og:type\" content=\"article\" \/>\n<meta property=\"og:title\" content=\"Servicio Completo - Style3D | Assyst\" \/>\n<meta property=\"og:description\" content=\"Servicio Completo setzt auf schnelle Markteinf\u00fchrung, Flexibilit\u00e4t und Innovation durch das Implementieren von Style3D | ASSYST Technologie.\" \/>\n<meta property=\"og:url\" content=\"https:\/\/style3d-assyst.com\/de\/case-studies\/servicio-completo\/\" \/>\n<meta property=\"og:site_name\" content=\"Style3D | Assyst\" \/>\n<meta property=\"article:modified_time\" content=\"2025-09-17T07:45:45+00:00\" \/>\n<meta property=\"og:image\" content=\"https:\/\/style3d-assyst.com\/wp-content\/uploads\/2025\/08\/Servicio-completo-Header.jpg\" \/>\n\t<meta property=\"og:image:width\" content=\"967\" \/>\n\t<meta property=\"og:image:height\" content=\"929\" \/>\n\t<meta property=\"og:image:type\" content=\"image\/jpeg\" \/>\n<meta name=\"twitter:card\" content=\"summary_large_image\" \/>\n<meta name=\"twitter:label1\" content=\"Gesch\u00e4tzte Lesezeit\" \/>\n\t<meta name=\"twitter:data1\" content=\"2\u00a0Minuten\" \/>\n<script type=\"application\/ld+json\" class=\"yoast-schema-graph\">{\"@context\":\"https:\\\/\\\/schema.org\",\"@graph\":[{\"@type\":\"WebPage\",\"@id\":\"https:\\\/\\\/style3d-assyst.com\\\/de\\\/case-studies\\\/servicio-completo\\\/\",\"url\":\"https:\\\/\\\/style3d-assyst.com\\\/de\\\/case-studies\\\/servicio-completo\\\/\",\"name\":\"Servicio Completo - Style3D | Assyst\",\"isPartOf\":{\"@id\":\"https:\\\/\\\/style3d-assyst.com\\\/de\\\/#website\"},\"primaryImageOfPage\":{\"@id\":\"https:\\\/\\\/style3d-assyst.com\\\/de\\\/case-studies\\\/servicio-completo\\\/#primaryimage\"},\"image\":{\"@id\":\"https:\\\/\\\/style3d-assyst.com\\\/de\\\/case-studies\\\/servicio-completo\\\/#primaryimage\"},\"thumbnailUrl\":\"https:\\\/\\\/style3d-assyst.com\\\/wp-content\\\/uploads\\\/2025\\\/08\\\/Servicio-completo-Header.jpg\",\"datePublished\":\"2025-07-30T08:56:50+00:00\",\"dateModified\":\"2025-09-17T07:45:45+00:00\",\"description\":\"Servicio Completo setzt auf schnelle Markteinf\u00fchrung, Flexibilit\u00e4t und Innovation durch das Implementieren von Style3D | ASSYST Technologie.\",\"breadcrumb\":{\"@id\":\"https:\\\/\\\/style3d-assyst.com\\\/de\\\/case-studies\\\/servicio-completo\\\/#breadcrumb\"},\"inLanguage\":\"de\",\"potentialAction\":[{\"@type\":\"ReadAction\",\"target\":[\"https:\\\/\\\/style3d-assyst.com\\\/de\\\/case-studies\\\/servicio-completo\\\/\"]}]},{\"@type\":\"ImageObject\",\"inLanguage\":\"de\",\"@id\":\"https:\\\/\\\/style3d-assyst.com\\\/de\\\/case-studies\\\/servicio-completo\\\/#primaryimage\",\"url\":\"https:\\\/\\\/style3d-assyst.com\\\/wp-content\\\/uploads\\\/2025\\\/08\\\/Servicio-completo-Header.jpg\",\"contentUrl\":\"https:\\\/\\\/style3d-assyst.com\\\/wp-content\\\/uploads\\\/2025\\\/08\\\/Servicio-completo-Header.jpg\",\"width\":967,\"height\":929,\"caption\":\"Vollst\u00e4ndiger Service\"},{\"@type\":\"BreadcrumbList\",\"@id\":\"https:\\\/\\\/style3d-assyst.com\\\/de\\\/case-studies\\\/servicio-completo\\\/#breadcrumb\",\"itemListElement\":[{\"@type\":\"ListItem\",\"position\":1,\"name\":\"Startseite\",\"item\":\"https:\\\/\\\/style3d-assyst.com\\\/de\\\/startseite\\\/\"},{\"@type\":\"ListItem\",\"position\":2,\"name\":\"Case Studies\",\"item\":\"https:\\\/\\\/style3d-assyst.com\\\/de\\\/case-studies\\\/\"},{\"@type\":\"ListItem\",\"position\":3,\"name\":\"Servicio Completo\"}]},{\"@type\":\"WebSite\",\"@id\":\"https:\\\/\\\/style3d-assyst.com\\\/de\\\/#website\",\"url\":\"https:\\\/\\\/style3d-assyst.com\\\/de\\\/\",\"name\":\"Style3D | Assyst\",\"description\":\"3D-Stoffsimulation, 2D-CAD f\u00fcr die Modebranche\",\"publisher\":{\"@id\":\"https:\\\/\\\/style3d-assyst.com\\\/de\\\/#organization\"},\"potentialAction\":[{\"@type\":\"SearchAction\",\"target\":{\"@type\":\"EntryPoint\",\"urlTemplate\":\"https:\\\/\\\/style3d-assyst.com\\\/de\\\/?s={search_term_string}\"},\"query-input\":{\"@type\":\"PropertyValueSpecification\",\"valueRequired\":true,\"valueName\":\"search_term_string\"}}],\"inLanguage\":\"de\"},{\"@type\":\"Organization\",\"@id\":\"https:\\\/\\\/style3d-assyst.com\\\/de\\\/#organization\",\"name\":\"Style3D | Assyst\",\"url\":\"https:\\\/\\\/style3d-assyst.com\\\/de\\\/\",\"logo\":{\"@type\":\"ImageObject\",\"inLanguage\":\"de\",\"@id\":\"https:\\\/\\\/style3d-assyst.com\\\/de\\\/#\\\/schema\\\/logo\\\/image\\\/\",\"url\":\"https:\\\/\\\/style3d-assyst.com\\\/wp-content\\\/uploads\\\/2025\\\/06\\\/logo-style3d-assyst.png\",\"contentUrl\":\"https:\\\/\\\/style3d-assyst.com\\\/wp-content\\\/uploads\\\/2025\\\/06\\\/logo-style3d-assyst.png\",\"width\":855,\"height\":103,\"caption\":\"Style3D | Assyst\"},\"image\":{\"@id\":\"https:\\\/\\\/style3d-assyst.com\\\/de\\\/#\\\/schema\\\/logo\\\/image\\\/\"},\"sameAs\":[\"https:\\\/\\\/www.linkedin.com\\\/company\\\/assyst-gmbh\\\/\",\"https:\\\/\\\/www.instagram.com\\\/style3d.assyst\",\"https:\\\/\\\/www.youtube.com\\\/channel\\\/UCL09FVvHxGd2XGgdM94FD0w\"]}]}<\/script>\n<!-- \/ Yoast SEO plugin. -->","yoast_head_json":{"title":"Servicio Completo - Style3D | Assyst","description":"Servicio Completo setzt auf schnelle Markteinf\u00fchrung, Flexibilit\u00e4t und Innovation durch das Implementieren von Style3D | ASSYST Technologie.","robots":{"index":"index","follow":"follow","max-snippet":"max-snippet:-1","max-image-preview":"max-image-preview:large","max-video-preview":"max-video-preview:-1"},"canonical":"https:\/\/style3d-assyst.com\/de\/case-studies\/servicio-completo\/","og_locale":"de_DE","og_type":"article","og_title":"Servicio Completo - Style3D | Assyst","og_description":"Servicio Completo setzt auf schnelle Markteinf\u00fchrung, Flexibilit\u00e4t und Innovation durch das Implementieren von Style3D | ASSYST Technologie.","og_url":"https:\/\/style3d-assyst.com\/de\/case-studies\/servicio-completo\/","og_site_name":"Style3D | Assyst","article_modified_time":"2025-09-17T07:45:45+00:00","og_image":[{"width":967,"height":929,"url":"https:\/\/style3d-assyst.com\/wp-content\/uploads\/2025\/08\/Servicio-completo-Header.jpg","type":"image\/jpeg"}],"twitter_card":"summary_large_image","twitter_misc":{"Gesch\u00e4tzte Lesezeit":"2\u00a0Minuten"},"schema":{"@context":"https:\/\/schema.org","@graph":[{"@type":"WebPage","@id":"https:\/\/style3d-assyst.com\/de\/case-studies\/servicio-completo\/","url":"https:\/\/style3d-assyst.com\/de\/case-studies\/servicio-completo\/","name":"Servicio Completo - Style3D | Assyst","isPartOf":{"@id":"https:\/\/style3d-assyst.com\/de\/#website"},"primaryImageOfPage":{"@id":"https:\/\/style3d-assyst.com\/de\/case-studies\/servicio-completo\/#primaryimage"},"image":{"@id":"https:\/\/style3d-assyst.com\/de\/case-studies\/servicio-completo\/#primaryimage"},"thumbnailUrl":"https:\/\/style3d-assyst.com\/wp-content\/uploads\/2025\/08\/Servicio-completo-Header.jpg","datePublished":"2025-07-30T08:56:50+00:00","dateModified":"2025-09-17T07:45:45+00:00","description":"Servicio Completo setzt auf schnelle Markteinf\u00fchrung, Flexibilit\u00e4t und Innovation durch das Implementieren von Style3D | ASSYST Technologie.","breadcrumb":{"@id":"https:\/\/style3d-assyst.com\/de\/case-studies\/servicio-completo\/#breadcrumb"},"inLanguage":"de","potentialAction":[{"@type":"ReadAction","target":["https:\/\/style3d-assyst.com\/de\/case-studies\/servicio-completo\/"]}]},{"@type":"ImageObject","inLanguage":"de","@id":"https:\/\/style3d-assyst.com\/de\/case-studies\/servicio-completo\/#primaryimage","url":"https:\/\/style3d-assyst.com\/wp-content\/uploads\/2025\/08\/Servicio-completo-Header.jpg","contentUrl":"https:\/\/style3d-assyst.com\/wp-content\/uploads\/2025\/08\/Servicio-completo-Header.jpg","width":967,"height":929,"caption":"Vollst\u00e4ndiger Service"},{"@type":"BreadcrumbList","@id":"https:\/\/style3d-assyst.com\/de\/case-studies\/servicio-completo\/#breadcrumb","itemListElement":[{"@type":"ListItem","position":1,"name":"Startseite","item":"https:\/\/style3d-assyst.com\/de\/startseite\/"},{"@type":"ListItem","position":2,"name":"Case Studies","item":"https:\/\/style3d-assyst.com\/de\/case-studies\/"},{"@type":"ListItem","position":3,"name":"Servicio Completo"}]},{"@type":"WebSite","@id":"https:\/\/style3d-assyst.com\/de\/#website","url":"https:\/\/style3d-assyst.com\/de\/","name":"Style3D | Assyst","description":"3D-Stoffsimulation, 2D-CAD f\u00fcr die Modebranche","publisher":{"@id":"https:\/\/style3d-assyst.com\/de\/#organization"},"potentialAction":[{"@type":"SearchAction","target":{"@type":"EntryPoint","urlTemplate":"https:\/\/style3d-assyst.com\/de\/?s={search_term_string}"},"query-input":{"@type":"PropertyValueSpecification","valueRequired":true,"valueName":"search_term_string"}}],"inLanguage":"de"},{"@type":"Organization","@id":"https:\/\/style3d-assyst.com\/de\/#organization","name":"Style3D | Assyst","url":"https:\/\/style3d-assyst.com\/de\/","logo":{"@type":"ImageObject","inLanguage":"de","@id":"https:\/\/style3d-assyst.com\/de\/#\/schema\/logo\/image\/","url":"https:\/\/style3d-assyst.com\/wp-content\/uploads\/2025\/06\/logo-style3d-assyst.png","contentUrl":"https:\/\/style3d-assyst.com\/wp-content\/uploads\/2025\/06\/logo-style3d-assyst.png","width":855,"height":103,"caption":"Style3D | Assyst"},"image":{"@id":"https:\/\/style3d-assyst.com\/de\/#\/schema\/logo\/image\/"},"sameAs":["https:\/\/www.linkedin.com\/company\/assyst-gmbh\/","https:\/\/www.instagram.com\/style3d.assyst","https:\/\/www.youtube.com\/channel\/UCL09FVvHxGd2XGgdM94FD0w"]}]}},"_links":{"self":[{"href":"https:\/\/style3d-assyst.com\/de\/wp-json\/wp\/v2\/pages\/6676","targetHints":{"allow":["GET"]}}],"collection":[{"href":"https:\/\/style3d-assyst.com\/de\/wp-json\/wp\/v2\/pages"}],"about":[{"href":"https:\/\/style3d-assyst.com\/de\/wp-json\/wp\/v2\/types\/page"}],"author":[{"embeddable":true,"href":"https:\/\/style3d-assyst.com\/de\/wp-json\/wp\/v2\/users\/9"}],"replies":[{"embeddable":true,"href":"https:\/\/style3d-assyst.com\/de\/wp-json\/wp\/v2\/comments?post=6676"}],"version-history":[{"count":17,"href":"https:\/\/style3d-assyst.com\/de\/wp-json\/wp\/v2\/pages\/6676\/revisions"}],"predecessor-version":[{"id":10876,"href":"https:\/\/style3d-assyst.com\/de\/wp-json\/wp\/v2\/pages\/6676\/revisions\/10876"}],"up":[{"embeddable":true,"href":"https:\/\/style3d-assyst.com\/de\/wp-json\/wp\/v2\/pages\/6530"}],"wp:featuredmedia":[{"embeddable":true,"href":"https:\/\/style3d-assyst.com\/de\/wp-json\/wp\/v2\/media\/6042"}],"wp:attachment":[{"href":"https:\/\/style3d-assyst.com\/de\/wp-json\/wp\/v2\/media?parent=6676"}],"curies":[{"name":"wp","href":"https:\/\/api.w.org\/{rel}","templated":true}]}}