{"id":6437,"date":"2025-08-07T10:34:09","date_gmt":"2025-08-07T08:34:09","guid":{"rendered":"https:\/\/style3d-assyst.com\/impressum\/"},"modified":"2025-09-15T14:05:08","modified_gmt":"2025-09-15T12:05:08","slug":"impressum","status":"publish","type":"page","link":"https:\/\/style3d-assyst.com\/de\/impressum\/","title":{"rendered":"Impressum"},"content":{"rendered":"\t\t<div data-elementor-type=\"wp-page\" data-elementor-id=\"6437\" class=\"elementor elementor-6437 elementor-4356\" data-elementor-post-type=\"page\">\n\t\t\t\t<div class=\"elementor-element elementor-element-2a59464 e-flex e-con-boxed wpr-particle-no wpr-jarallax-no wpr-parallax-no wpr-sticky-section-no e-con e-parent\" data-id=\"2a59464\" data-element_type=\"container\" data-e-type=\"container\" data-settings=\"{&quot;background_background&quot;:&quot;classic&quot;}\">\n\t\t\t\t\t<div class=\"e-con-inner\">\n\t\t\t\t<div class=\"elementor-element elementor-element-3ad8815 elementor-widget elementor-widget-heading\" data-id=\"3ad8815\" data-element_type=\"widget\" data-e-type=\"widget\" data-widget_type=\"heading.default\">\n\t\t\t\t<div class=\"elementor-widget-container\">\n\t\t\t\t\t<h2 class=\"elementor-heading-title elementor-size-default\">Impressum<\/h2>\t\t\t\t<\/div>\n\t\t\t\t<\/div>\n\t\t\t\t<div class=\"elementor-element elementor-element-8098316 elementor-widget elementor-widget-text-editor\" data-id=\"8098316\" data-element_type=\"widget\" data-e-type=\"widget\" data-widget_type=\"text-editor.default\">\n\t\t\t\t<div class=\"elementor-widget-container\">\n\t\t\t\t\t\t\t\t\t<div class=\"section greybox maincontent\"><div class=\"contentpaddingnull contentpaddingunull\"><div class=\"container\"><p><strong>Herausgeber<\/strong><\/p><p>Assyst GmbH<br>Max-Planck-Str. 3<br>85609 Aschheim-Dornach, Deutschland<br>Tel.: +49 89 90505 0<br>Fax: +49 89 90505 271<br>E-Mail: <a href=\"mailto:contact@assyst.de\">contact@assyst.de<\/a><\/p><p><b><strong>Gesch\u00e4ftsf\u00fchrer:<\/strong> <\/b>Hans Peter Hiemer<\/p><p><b>Handelsregister: <\/b>Amtsgericht M\u00fcnchen, HRB 180174<\/p><p><b>Umsatzsteuer-Identifikationsnummer gem\u00e4\u00df \u00a727a des Umsatzsteuergesetzes: <\/b>DE111641365<\/p><p><b>Inhaltlich Verantwortlicher gem\u00e4\u00df \u00a7 55 Absatz 2 RStV:  <\/b>Hans Peter Hiemer, Max-Planck-Str. 3, 85609 Aschheim-Dornach <\/p><p><b>Haftungshinweis<\/b><\/p><p><b>F\u00fcr Inhalte<\/b><\/p><p>Als Diensteanbieter sind wir gem\u00e4\u00df \u00a7 7 Abs.1 TMG f\u00fcr eigene Inhalte auf diesen Seiten nach den allgemeinen Gesetzen verantwortlich. Nach \u00a7\u00a7 8 bis 10 TMG sind wir als Diensteanbieter jedoch nicht verpflichtet, \u00fcbermittelte oder gespeicherte fremde Informationen zu \u00fcberwachen oder nach Umst\u00e4nden zu forschen, die auf eine rechtswidrige T\u00e4tigkeit hinweisen. Verpflichtungen zur Entfernung oder Sperrung der Nutzung von Informationen nach den allgemeinen Gesetzen bleiben hiervon unber\u00fchrt. Eine diesbez\u00fcgliche Haftung ist jedoch erst ab dem Zeitpunkt der Kenntnis einer konkreten Rechtsverletzung m\u00f6glich. Bei Bekanntwerden von entsprechenden Rechtsverletzungen werden wir diese Inhalte umgehend entfernen.     <\/p><p><b>F\u00fcr Links<\/b><\/p><p>Unser Angebot enth\u00e4lt Links zu externen Webseiten Dritter, auf deren Inhalte wir keinen Einfluss haben. Deshalb k\u00f6nnen wir f\u00fcr diese fremden Inhalte auch keine Gew\u00e4hr \u00fcbernehmen. F\u00fcr die Inhalte der verlinkten Seiten ist stets der jeweilige Anbieter oder Betreiber der Seiten verantwortlich. Die verlinkten Seiten wurden zum Zeitpunkt der Verlinkung auf m\u00f6gliche Rechtsverst\u00f6\u00dfe \u00fcberpr\u00fcft. Rechtswidrige Inhalte waren zum Zeitpunkt der Verlinkung nicht erkennbar. Eine permanente inhaltliche Kontrolle der verlinkten Seiten ist jedoch ohne konkrete Anhaltspunkte einer Rechtsverletzung nicht zumutbar. Bei Bekanntwerden von Rechtsverletzungen werden wir derartige Links umgehend entfernen.     <\/p><p><b>Urheberrecht<\/b><\/p><p>Die auf der Webseite dargestellten Inhalte und Werke unterliegen dem Urheberrecht bzw. anderen Gesetzen zum Schutz geistigen Eigentums. Eine Weiterver\u00f6ffentlichung, Weiter\u00fcbertragung, Reproduktion oder anderweitige Verwendung sind nicht gestattet. Soweit Inhalte auf dieser Seite nicht vom Betreiber erstellt wurden (z.B. fremdes Bildmaterial), werden die Urheberrechte Dritter beachtet. Sollten Sie dennoch auf eine Urheberrechtsverletzung aufmerksam werden, bitten wir um einen entsprechenden Hinweis. Bei Bekanntwerden von Verletzungen werden wir derartige Inhalte umgehend entfernen.   <\/p><p><b>\u00dcber Ihre Fragen und Anregungen zur Website freuen wir uns. Bitte senden Sie eine E-Mail oder schreiben Sie an: <\/b><\/p><p>Assyst GmbH<br>Max-Planck-Str. 3<br>85609 Aschheim-Dornach, Deutschland<br>Tel.: +49 89 90505 0<br>Fax: +49 89 90505 271<br>E-Mail: <a href=\"mailto:contact@assyst.de\">contact@assyst.de<\/a><\/p><\/div><\/div><\/div>\t\t\t\t\t\t\t\t<\/div>\n\t\t\t\t<\/div>\n\t\t\t\t\t<\/div>\n\t\t\t\t<\/div>\n\t\t\t\t<\/div>\n\t\t","protected":false},"excerpt":{"rendered":"<p>Impressum Herausgeber Assyst GmbHMax-Planck-Str. 385609 Aschheim-Dornach, DeutschlandTel.: +49 89 90505 0Fax: +49 89 90505 271E-Mail: contact@assyst.de Gesch\u00e4ftsf\u00fchrer: Hans Peter Hiemer Handelsregister: Amtsgericht M\u00fcnchen, HRB 180174 Umsatzsteuer-Identifikationsnummer gem\u00e4\u00df \u00a727a des Umsatzsteuergesetzes: DE111641365 Inhaltlich Verantwortlicher gem\u00e4\u00df \u00a7 55 Absatz 2 RStV: Hans Peter Hiemer, Max-Planck-Str. 3, 85609 Aschheim-Dornach Haftungshinweis F\u00fcr Inhalte Als Diensteanbieter sind wir gem\u00e4\u00df \u00a7 7 Abs.1 TMG f\u00fcr eigene Inhalte auf diesen Seiten nach den allgemeinen Gesetzen verantwortlich. Nach \u00a7\u00a7 8 bis 10 TMG sind wir als Diensteanbieter jedoch nicht verpflichtet, \u00fcbermittelte oder gespeicherte fremde Informationen zu \u00fcberwachen oder nach Umst\u00e4nden zu forschen, die auf eine rechtswidrige T\u00e4tigkeit hinweisen. Verpflichtungen zur Entfernung oder Sperrung der Nutzung von Informationen nach den allgemeinen Gesetzen bleiben hiervon unber\u00fchrt. Eine diesbez\u00fcgliche Haftung ist jedoch erst ab dem Zeitpunkt der Kenntnis einer konkreten Rechtsverletzung m\u00f6glich. Bei Bekanntwerden von entsprechenden Rechtsverletzungen werden wir diese Inhalte umgehend entfernen. F\u00fcr Links Unser Angebot enth\u00e4lt Links zu externen Webseiten Dritter, auf deren Inhalte wir keinen Einfluss haben. Deshalb k\u00f6nnen wir f\u00fcr diese fremden Inhalte auch keine Gew\u00e4hr \u00fcbernehmen. F\u00fcr die Inhalte der verlinkten Seiten ist stets der jeweilige Anbieter oder Betreiber der Seiten verantwortlich. Die verlinkten Seiten wurden zum Zeitpunkt der Verlinkung auf m\u00f6gliche Rechtsverst\u00f6\u00dfe \u00fcberpr\u00fcft. Rechtswidrige Inhalte waren zum Zeitpunkt der Verlinkung nicht erkennbar. Eine permanente inhaltliche Kontrolle der verlinkten Seiten ist jedoch ohne konkrete Anhaltspunkte einer Rechtsverletzung nicht zumutbar. Bei Bekanntwerden von Rechtsverletzungen werden wir derartige Links umgehend entfernen. Urheberrecht Die auf der Webseite dargestellten Inhalte und Werke unterliegen dem Urheberrecht bzw. anderen Gesetzen zum Schutz geistigen Eigentums. Eine Weiterver\u00f6ffentlichung, Weiter\u00fcbertragung, Reproduktion oder anderweitige Verwendung sind nicht gestattet. Soweit Inhalte auf dieser Seite nicht vom Betreiber erstellt wurden (z.B. fremdes Bildmaterial), werden die Urheberrechte Dritter beachtet. Sollten Sie dennoch auf eine Urheberrechtsverletzung aufmerksam werden, bitten wir um einen entsprechenden Hinweis. Bei Bekanntwerden von Verletzungen werden wir derartige Inhalte umgehend entfernen. \u00dcber Ihre Fragen und Anregungen zur Website freuen wir uns. Bitte senden Sie eine E-Mail oder schreiben Sie an: Assyst GmbHMax-Planck-Str. 385609 Aschheim-Dornach, DeutschlandTel.: +49 89 90505 0Fax: +49 89 90505 271E-Mail: contact@assyst.de<\/p>\n","protected":false},"author":9,"featured_media":5823,"parent":0,"menu_order":0,"comment_status":"closed","ping_status":"closed","template":"","meta":{"_acf_changed":false,"content-type":"","footnotes":""},"class_list":["post-6437","page","type-page","status-publish","has-post-thumbnail","hentry"],"acf":[],"yoast_head":"<!-- This site is optimized with the Yoast SEO plugin v27.3 - https:\/\/yoast.com\/product\/yoast-seo-wordpress\/ -->\n<title>KI f\u00fcr Fashion - Style3D | Assyst<\/title>\n<meta name=\"description\" content=\"Impressum der Assyst GmbH: Angaben zum Unternehmen, rechtliche Verantwortung, Haftung f\u00fcr Inhalte und Links sowie Urheberrechtshinweise.\" \/>\n<meta name=\"robots\" content=\"index, follow, max-snippet:-1, max-image-preview:large, max-video-preview:-1\" \/>\n<link rel=\"canonical\" href=\"https:\/\/style3d-assyst.com\/de\/impressum\/\" \/>\n<meta property=\"og:locale\" content=\"de_DE\" \/>\n<meta property=\"og:type\" content=\"article\" \/>\n<meta property=\"og:title\" content=\"KI f\u00fcr Fashion - Style3D | Assyst\" \/>\n<meta property=\"og:description\" content=\"Impressum der Assyst GmbH: Angaben zum Unternehmen, rechtliche Verantwortung, Haftung f\u00fcr Inhalte und Links sowie Urheberrechtshinweise.\" \/>\n<meta property=\"og:url\" content=\"https:\/\/style3d-assyst.com\/de\/impressum\/\" \/>\n<meta property=\"og:site_name\" content=\"Style3D | Assyst\" \/>\n<meta property=\"article:modified_time\" content=\"2025-09-15T12:05:08+00:00\" \/>\n<meta property=\"og:image\" content=\"https:\/\/style3d-assyst.com\/wp-content\/uploads\/2025\/08\/Studio_Hero.jpg\" \/>\n\t<meta property=\"og:image:width\" content=\"2467\" \/>\n\t<meta property=\"og:image:height\" content=\"1745\" \/>\n\t<meta property=\"og:image:type\" content=\"image\/jpeg\" \/>\n<meta name=\"twitter:card\" content=\"summary_large_image\" \/>\n<meta name=\"twitter:label1\" content=\"Gesch\u00e4tzte Lesezeit\" \/>\n\t<meta name=\"twitter:data1\" content=\"2\u00a0Minuten\" \/>\n<script type=\"application\/ld+json\" class=\"yoast-schema-graph\">{\"@context\":\"https:\\\/\\\/schema.org\",\"@graph\":[{\"@type\":\"WebPage\",\"@id\":\"https:\\\/\\\/style3d-assyst.com\\\/de\\\/impressum\\\/\",\"url\":\"https:\\\/\\\/style3d-assyst.com\\\/de\\\/impressum\\\/\",\"name\":\"KI f\u00fcr Fashion - Style3D | Assyst\",\"isPartOf\":{\"@id\":\"https:\\\/\\\/style3d-assyst.com\\\/de\\\/#website\"},\"primaryImageOfPage\":{\"@id\":\"https:\\\/\\\/style3d-assyst.com\\\/de\\\/impressum\\\/#primaryimage\"},\"image\":{\"@id\":\"https:\\\/\\\/style3d-assyst.com\\\/de\\\/impressum\\\/#primaryimage\"},\"thumbnailUrl\":\"https:\\\/\\\/style3d-assyst.com\\\/wp-content\\\/uploads\\\/2025\\\/08\\\/Studio_Hero.jpg\",\"datePublished\":\"2025-08-07T08:34:09+00:00\",\"dateModified\":\"2025-09-15T12:05:08+00:00\",\"description\":\"Impressum der Assyst GmbH: Angaben zum Unternehmen, rechtliche Verantwortung, Haftung f\u00fcr Inhalte und Links sowie Urheberrechtshinweise.\",\"breadcrumb\":{\"@id\":\"https:\\\/\\\/style3d-assyst.com\\\/de\\\/impressum\\\/#breadcrumb\"},\"inLanguage\":\"de\",\"potentialAction\":[{\"@type\":\"ReadAction\",\"target\":[\"https:\\\/\\\/style3d-assyst.com\\\/de\\\/impressum\\\/\"]}]},{\"@type\":\"ImageObject\",\"inLanguage\":\"de\",\"@id\":\"https:\\\/\\\/style3d-assyst.com\\\/de\\\/impressum\\\/#primaryimage\",\"url\":\"https:\\\/\\\/style3d-assyst.com\\\/wp-content\\\/uploads\\\/2025\\\/08\\\/Studio_Hero.jpg\",\"contentUrl\":\"https:\\\/\\\/style3d-assyst.com\\\/wp-content\\\/uploads\\\/2025\\\/08\\\/Studio_Hero.jpg\",\"width\":2467,\"height\":1745,\"caption\":\"Simulierte Frau, erstellt mit Style3d Studio V9.0\"},{\"@type\":\"BreadcrumbList\",\"@id\":\"https:\\\/\\\/style3d-assyst.com\\\/de\\\/impressum\\\/#breadcrumb\",\"itemListElement\":[{\"@type\":\"ListItem\",\"position\":1,\"name\":\"Startseite\",\"item\":\"https:\\\/\\\/style3d-assyst.com\\\/de\\\/startseite\\\/\"},{\"@type\":\"ListItem\",\"position\":2,\"name\":\"Impressum\"}]},{\"@type\":\"WebSite\",\"@id\":\"https:\\\/\\\/style3d-assyst.com\\\/de\\\/#website\",\"url\":\"https:\\\/\\\/style3d-assyst.com\\\/de\\\/\",\"name\":\"Style3D | Assyst\",\"description\":\"3D-Stoffsimulation, 2D-CAD f\u00fcr die Modebranche\",\"publisher\":{\"@id\":\"https:\\\/\\\/style3d-assyst.com\\\/de\\\/#organization\"},\"potentialAction\":[{\"@type\":\"SearchAction\",\"target\":{\"@type\":\"EntryPoint\",\"urlTemplate\":\"https:\\\/\\\/style3d-assyst.com\\\/de\\\/?s={search_term_string}\"},\"query-input\":{\"@type\":\"PropertyValueSpecification\",\"valueRequired\":true,\"valueName\":\"search_term_string\"}}],\"inLanguage\":\"de\"},{\"@type\":\"Organization\",\"@id\":\"https:\\\/\\\/style3d-assyst.com\\\/de\\\/#organization\",\"name\":\"Style3D | Assyst\",\"url\":\"https:\\\/\\\/style3d-assyst.com\\\/de\\\/\",\"logo\":{\"@type\":\"ImageObject\",\"inLanguage\":\"de\",\"@id\":\"https:\\\/\\\/style3d-assyst.com\\\/de\\\/#\\\/schema\\\/logo\\\/image\\\/\",\"url\":\"https:\\\/\\\/style3d-assyst.com\\\/wp-content\\\/uploads\\\/2025\\\/06\\\/logo-style3d-assyst.png\",\"contentUrl\":\"https:\\\/\\\/style3d-assyst.com\\\/wp-content\\\/uploads\\\/2025\\\/06\\\/logo-style3d-assyst.png\",\"width\":855,\"height\":103,\"caption\":\"Style3D | Assyst\"},\"image\":{\"@id\":\"https:\\\/\\\/style3d-assyst.com\\\/de\\\/#\\\/schema\\\/logo\\\/image\\\/\"},\"sameAs\":[\"https:\\\/\\\/www.linkedin.com\\\/company\\\/assyst-gmbh\\\/\",\"https:\\\/\\\/www.instagram.com\\\/style3d.assyst\",\"https:\\\/\\\/www.youtube.com\\\/channel\\\/UCL09FVvHxGd2XGgdM94FD0w\"]}]}<\/script>\n<!-- \/ Yoast SEO plugin. -->","yoast_head_json":{"title":"KI f\u00fcr Fashion - Style3D | Assyst","description":"Impressum der Assyst GmbH: Angaben zum Unternehmen, rechtliche Verantwortung, Haftung f\u00fcr Inhalte und Links sowie Urheberrechtshinweise.","robots":{"index":"index","follow":"follow","max-snippet":"max-snippet:-1","max-image-preview":"max-image-preview:large","max-video-preview":"max-video-preview:-1"},"canonical":"https:\/\/style3d-assyst.com\/de\/impressum\/","og_locale":"de_DE","og_type":"article","og_title":"KI f\u00fcr Fashion - Style3D | Assyst","og_description":"Impressum der Assyst GmbH: Angaben zum Unternehmen, rechtliche Verantwortung, Haftung f\u00fcr Inhalte und Links sowie Urheberrechtshinweise.","og_url":"https:\/\/style3d-assyst.com\/de\/impressum\/","og_site_name":"Style3D | Assyst","article_modified_time":"2025-09-15T12:05:08+00:00","og_image":[{"width":2467,"height":1745,"url":"https:\/\/style3d-assyst.com\/wp-content\/uploads\/2025\/08\/Studio_Hero.jpg","type":"image\/jpeg"}],"twitter_card":"summary_large_image","twitter_misc":{"Gesch\u00e4tzte Lesezeit":"2\u00a0Minuten"},"schema":{"@context":"https:\/\/schema.org","@graph":[{"@type":"WebPage","@id":"https:\/\/style3d-assyst.com\/de\/impressum\/","url":"https:\/\/style3d-assyst.com\/de\/impressum\/","name":"KI f\u00fcr Fashion - Style3D | Assyst","isPartOf":{"@id":"https:\/\/style3d-assyst.com\/de\/#website"},"primaryImageOfPage":{"@id":"https:\/\/style3d-assyst.com\/de\/impressum\/#primaryimage"},"image":{"@id":"https:\/\/style3d-assyst.com\/de\/impressum\/#primaryimage"},"thumbnailUrl":"https:\/\/style3d-assyst.com\/wp-content\/uploads\/2025\/08\/Studio_Hero.jpg","datePublished":"2025-08-07T08:34:09+00:00","dateModified":"2025-09-15T12:05:08+00:00","description":"Impressum der Assyst GmbH: Angaben zum Unternehmen, rechtliche Verantwortung, Haftung f\u00fcr Inhalte und Links sowie Urheberrechtshinweise.","breadcrumb":{"@id":"https:\/\/style3d-assyst.com\/de\/impressum\/#breadcrumb"},"inLanguage":"de","potentialAction":[{"@type":"ReadAction","target":["https:\/\/style3d-assyst.com\/de\/impressum\/"]}]},{"@type":"ImageObject","inLanguage":"de","@id":"https:\/\/style3d-assyst.com\/de\/impressum\/#primaryimage","url":"https:\/\/style3d-assyst.com\/wp-content\/uploads\/2025\/08\/Studio_Hero.jpg","contentUrl":"https:\/\/style3d-assyst.com\/wp-content\/uploads\/2025\/08\/Studio_Hero.jpg","width":2467,"height":1745,"caption":"Simulierte Frau, erstellt mit Style3d Studio V9.0"},{"@type":"BreadcrumbList","@id":"https:\/\/style3d-assyst.com\/de\/impressum\/#breadcrumb","itemListElement":[{"@type":"ListItem","position":1,"name":"Startseite","item":"https:\/\/style3d-assyst.com\/de\/startseite\/"},{"@type":"ListItem","position":2,"name":"Impressum"}]},{"@type":"WebSite","@id":"https:\/\/style3d-assyst.com\/de\/#website","url":"https:\/\/style3d-assyst.com\/de\/","name":"Style3D | Assyst","description":"3D-Stoffsimulation, 2D-CAD f\u00fcr die Modebranche","publisher":{"@id":"https:\/\/style3d-assyst.com\/de\/#organization"},"potentialAction":[{"@type":"SearchAction","target":{"@type":"EntryPoint","urlTemplate":"https:\/\/style3d-assyst.com\/de\/?s={search_term_string}"},"query-input":{"@type":"PropertyValueSpecification","valueRequired":true,"valueName":"search_term_string"}}],"inLanguage":"de"},{"@type":"Organization","@id":"https:\/\/style3d-assyst.com\/de\/#organization","name":"Style3D | Assyst","url":"https:\/\/style3d-assyst.com\/de\/","logo":{"@type":"ImageObject","inLanguage":"de","@id":"https:\/\/style3d-assyst.com\/de\/#\/schema\/logo\/image\/","url":"https:\/\/style3d-assyst.com\/wp-content\/uploads\/2025\/06\/logo-style3d-assyst.png","contentUrl":"https:\/\/style3d-assyst.com\/wp-content\/uploads\/2025\/06\/logo-style3d-assyst.png","width":855,"height":103,"caption":"Style3D | Assyst"},"image":{"@id":"https:\/\/style3d-assyst.com\/de\/#\/schema\/logo\/image\/"},"sameAs":["https:\/\/www.linkedin.com\/company\/assyst-gmbh\/","https:\/\/www.instagram.com\/style3d.assyst","https:\/\/www.youtube.com\/channel\/UCL09FVvHxGd2XGgdM94FD0w"]}]}},"_links":{"self":[{"href":"https:\/\/style3d-assyst.com\/de\/wp-json\/wp\/v2\/pages\/6437","targetHints":{"allow":["GET"]}}],"collection":[{"href":"https:\/\/style3d-assyst.com\/de\/wp-json\/wp\/v2\/pages"}],"about":[{"href":"https:\/\/style3d-assyst.com\/de\/wp-json\/wp\/v2\/types\/page"}],"author":[{"embeddable":true,"href":"https:\/\/style3d-assyst.com\/de\/wp-json\/wp\/v2\/users\/9"}],"replies":[{"embeddable":true,"href":"https:\/\/style3d-assyst.com\/de\/wp-json\/wp\/v2\/comments?post=6437"}],"version-history":[{"count":7,"href":"https:\/\/style3d-assyst.com\/de\/wp-json\/wp\/v2\/pages\/6437\/revisions"}],"predecessor-version":[{"id":9923,"href":"https:\/\/style3d-assyst.com\/de\/wp-json\/wp\/v2\/pages\/6437\/revisions\/9923"}],"wp:featuredmedia":[{"embeddable":true,"href":"https:\/\/style3d-assyst.com\/de\/wp-json\/wp\/v2\/media\/5823"}],"wp:attachment":[{"href":"https:\/\/style3d-assyst.com\/de\/wp-json\/wp\/v2\/media?parent=6437"}],"curies":[{"name":"wp","href":"https:\/\/api.w.org\/{rel}","templated":true}]}}