{"id":6430,"date":"2025-08-11T16:12:08","date_gmt":"2025-08-11T14:12:08","guid":{"rendered":"https:\/\/style3d-assyst.com\/makro-hemd\/"},"modified":"2025-09-16T13:03:03","modified_gmt":"2025-09-16T11:03:03","slug":"makro-hemd","status":"publish","type":"page","link":"https:\/\/style3d-assyst.com\/de\/tutorials\/makro-hemd\/","title":{"rendered":"Makro Hemd"},"content":{"rendered":"\t\t<div data-elementor-type=\"wp-page\" data-elementor-id=\"6430\" class=\"elementor elementor-6430 elementor-5329\" data-elementor-post-type=\"page\">\n\t\t\t\t<div class=\"elementor-element elementor-element-dda3fed e-flex e-con-boxed wpr-particle-no wpr-jarallax-no wpr-parallax-no wpr-sticky-section-no e-con e-parent\" data-id=\"dda3fed\" data-element_type=\"container\" data-e-type=\"container\" data-settings=\"{&quot;background_background&quot;:&quot;classic&quot;}\">\n\t\t\t\t\t<div class=\"e-con-inner\">\n\t\t\t\t<div class=\"elementor-element elementor-element-abacacf elementor-widget elementor-widget-spacer\" data-id=\"abacacf\" data-element_type=\"widget\" data-e-type=\"widget\" data-widget_type=\"spacer.default\">\n\t\t\t\t<div class=\"elementor-widget-container\">\n\t\t\t\t\t\t\t<div class=\"elementor-spacer\">\n\t\t\t<div class=\"elementor-spacer-inner\"><\/div>\n\t\t<\/div>\n\t\t\t\t\t\t<\/div>\n\t\t\t\t<\/div>\n\t\t\t\t<div class=\"elementor-element elementor-element-6fb524c elementor-widget elementor-widget-heading\" data-id=\"6fb524c\" data-element_type=\"widget\" data-e-type=\"widget\" data-widget_type=\"heading.default\">\n\t\t\t\t<div class=\"elementor-widget-container\">\n\t\t\t\t\t<h2 class=\"elementor-heading-title elementor-size-default\">Beschleunigen Sie Ihre Schnittmuster-Erstellung in Assyst.CAD mit smart.run-Makros!<\/h2>\t\t\t\t<\/div>\n\t\t\t\t<\/div>\n\t\t\t\t\t<\/div>\n\t\t\t\t<\/div>\n\t\t<div class=\"elementor-element elementor-element-6680d1b e-flex e-con-boxed wpr-particle-no wpr-jarallax-no wpr-parallax-no wpr-sticky-section-no e-con e-parent\" data-id=\"6680d1b\" data-element_type=\"container\" data-e-type=\"container\" data-settings=\"{&quot;background_background&quot;:&quot;classic&quot;}\">\n\t\t\t\t\t<div class=\"e-con-inner\">\n\t\t\t\t<div class=\"elementor-element elementor-element-a841b2e elementor-widget elementor-widget-heading\" data-id=\"a841b2e\" data-element_type=\"widget\" data-e-type=\"widget\" id=\"Anker_TshirtPattern1\" data-widget_type=\"heading.default\">\n\t\t\t\t<div class=\"elementor-widget-container\">\n\t\t\t\t\t<h3 class=\"elementor-heading-title elementor-size-default\">Erstellen Sie ein Hemdenschnittmuster in Minuten \u2013 voll automatisiert mit 4 Makros<\/h3>\t\t\t\t<\/div>\n\t\t\t\t<\/div>\n\t\t\t\t<div class=\"elementor-element elementor-element-492222c elementor-widget elementor-widget-text-editor\" data-id=\"492222c\" data-element_type=\"widget\" data-e-type=\"widget\" data-widget_type=\"text-editor.default\">\n\t\t\t\t<div class=\"elementor-widget-container\">\n\t\t\t\t\t\t\t\t\t<div class=\"mb-3\"><div class=\"mb-3\"><div class=\"flex flex-grow flex-col max-w-full\"><div class=\"min-h-[20px] text-message flex flex-col items-start whitespace-pre-wrap break-words [.text-message+&amp;]:mt-5 juice:w-full juice:items-end overflow-x-auto gap-3\" dir=\"auto\" data-message-author-role=\"assistant\" data-message-id=\"af0049fd-f972-47be-973f-f9dc3bdc4faa\"><div class=\"markdown prose w-full break-words dark:prose-invert light\"><p>M\u00f6chten Sie ein Hemdenschnittmuster erstellen oder anpassen? Nur 4 Makros erledigen die Arbeit f\u00fcr Sie!Mit unseren einsatzbereiten Makros erstellen Sie die ben\u00f6tigten Schnittteile und behalten gleichzeitig die volle Kontrolle, um Anpassungen jederzeit vorzunehmen. Dank der verbesserten smart.run-Makros in Assyst.CAD sparen Sie wertvolle Zeit bei der Schnittkonstruktion, gew\u00e4hrleisten h\u00f6chste Qualit\u00e4t und k\u00f6nnen sich auf das konzentrieren, was wirklich z\u00e4hlt. Starten Sie noch heute mit der Automatisierung in CAD!<\/p><\/div><\/div><\/div><\/div><\/div>\t\t\t\t\t\t\t\t<\/div>\n\t\t\t\t<\/div>\n\t\t\t\t<div class=\"elementor-element elementor-element-029feab elementor-widget elementor-widget-video\" data-id=\"029feab\" data-element_type=\"widget\" data-e-type=\"widget\" data-settings=\"{&quot;video_type&quot;:&quot;hosted&quot;,&quot;controls&quot;:&quot;yes&quot;}\" data-widget_type=\"video.default\">\n\t\t\t\t<div class=\"elementor-widget-container\">\n\t\t\t\t\t\t\t<div class=\"e-hosted-video elementor-wrapper elementor-open-inline\">\n\t\t\t\t\t<video class=\"elementor-video\" src=\"https:\/\/style3d-assyst.com\/wp-content\/uploads\/2025\/08\/story-03basics-shirt-macro9.mp4\" controls=\"\" preload=\"metadata\" controlsList=\"nodownload\" poster=\"https:\/\/style3d-assyst.com\/wp-content\/uploads\/2025\/08\/Tutorials_CAD_Macros.png\"><\/video>\n\t\t\t\t<\/div>\n\t\t\t\t\t\t<\/div>\n\t\t\t\t<\/div>\n\t\t\t\t\t<\/div>\n\t\t\t\t<\/div>\n\t\t<div class=\"elementor-element elementor-element-fb1e45e e-flex e-con-boxed wpr-particle-no wpr-jarallax-no wpr-parallax-no wpr-sticky-section-no e-con e-parent\" data-id=\"fb1e45e\" data-element_type=\"container\" data-e-type=\"container\" data-settings=\"{&quot;background_background&quot;:&quot;classic&quot;}\">\n\t\t\t\t\t<div class=\"e-con-inner\">\n\t\t<div class=\"elementor-element elementor-element-3a39368 e-con-full e-flex wpr-particle-no wpr-jarallax-no wpr-parallax-no wpr-sticky-section-no e-con e-child\" data-id=\"3a39368\" data-element_type=\"container\" data-e-type=\"container\">\n\t\t<div class=\"elementor-element elementor-element-eb2d4b1 e-con-full e-flex wpr-particle-no wpr-jarallax-no wpr-parallax-no wpr-sticky-section-no e-con e-child\" data-id=\"eb2d4b1\" data-element_type=\"container\" data-e-type=\"container\">\n\t\t\t\t<div class=\"elementor-element elementor-element-cc1cc43 elementor-author-box--layout-image-above elementor-author-box--align-center elementor-widget__width-initial elementor-widget elementor-widget-author-box\" data-id=\"cc1cc43\" data-element_type=\"widget\" data-e-type=\"widget\" data-widget_type=\"author-box.default\">\n\t\t\t\t<div class=\"elementor-widget-container\">\n\t\t\t\t\t\t\t<div class=\"elementor-author-box\">\n\t\t\t\t\t\t\t<div  class=\"elementor-author-box__avatar\">\n\t\t\t\t\t<img decoding=\"async\" src=\"https:\/\/style3d-assyst.com\/wp-content\/uploads\/2025\/08\/Julian-300x300.jpg\" alt=\"Autoren-Profilbild\" loading=\"lazy\">\n\t\t\t\t<\/div>\n\t\t\t\n\t\t\t<div class=\"elementor-author-box__text\">\n\t\t\t\t\n\t\t\t\t\n\t\t\t\t\t\t\t<\/div>\n\t\t<\/div>\n\t\t\t\t\t\t<\/div>\n\t\t\t\t<\/div>\n\t\t\t\t<\/div>\n\t\t<div class=\"elementor-element elementor-element-8456212 e-con-full e-flex wpr-particle-no wpr-jarallax-no wpr-parallax-no wpr-sticky-section-no e-con e-child\" data-id=\"8456212\" data-element_type=\"container\" data-e-type=\"container\">\n\t\t\t\t<div class=\"elementor-element elementor-element-f05e6db elementor-widget__width-initial elementor-widget elementor-widget-text-editor\" data-id=\"f05e6db\" data-element_type=\"widget\" data-e-type=\"widget\" data-widget_type=\"text-editor.default\">\n\t\t\t\t<div class=\"elementor-widget-container\">\n\t\t\t\t\t\t\t\t\t<p><strong>Julian Brech<\/strong>, 2D\/3D Softwaretrainer bei Style3D | ASSYST, ist ein zertifizierter Fashion Designer mit praktischer Erfahrung im 2D-Design.<\/p>\t\t\t\t\t\t\t\t<\/div>\n\t\t\t\t<\/div>\n\t\t\t\t<\/div>\n\t\t\t\t<\/div>\n\t\t\t\t\t<\/div>\n\t\t\t\t<\/div>\n\t\t<div class=\"elementor-element elementor-element-3aaf19c e-flex e-con-boxed wpr-particle-no wpr-jarallax-no wpr-parallax-no wpr-sticky-section-no e-con e-parent\" data-id=\"3aaf19c\" data-element_type=\"container\" data-e-type=\"container\" data-settings=\"{&quot;background_background&quot;:&quot;classic&quot;}\">\n\t\t\t\t\t<div class=\"e-con-inner\">\n\t\t\t\t<div class=\"elementor-element elementor-element-a114b1d elementor-widget elementor-widget-spacer\" data-id=\"a114b1d\" data-element_type=\"widget\" data-e-type=\"widget\" data-widget_type=\"spacer.default\">\n\t\t\t\t<div class=\"elementor-widget-container\">\n\t\t\t\t\t\t\t<div class=\"elementor-spacer\">\n\t\t\t<div class=\"elementor-spacer-inner\"><\/div>\n\t\t<\/div>\n\t\t\t\t\t\t<\/div>\n\t\t\t\t<\/div>\n\t\t<div class=\"elementor-element elementor-element-957530d e-grid e-con-full wpr-particle-no wpr-jarallax-no wpr-parallax-no wpr-sticky-section-no e-con e-child\" data-id=\"957530d\" data-element_type=\"container\" data-e-type=\"container\">\n\t\t<div class=\"elementor-element elementor-element-c698871 e-con-full e-flex wpr-particle-no wpr-jarallax-no wpr-parallax-no wpr-sticky-section-no e-con e-child\" data-id=\"c698871\" data-element_type=\"container\" data-e-type=\"container\">\n\t\t\t\t<div class=\"elementor-element elementor-element-04168ca elementor-view-default elementor-widget elementor-widget-icon\" data-id=\"04168ca\" data-element_type=\"widget\" data-e-type=\"widget\" data-widget_type=\"icon.default\">\n\t\t\t\t<div class=\"elementor-widget-container\">\n\t\t\t\t\t\t\t<div class=\"elementor-icon-wrapper\">\n\t\t\t<div class=\"elementor-icon\">\n\t\t\t<svg aria-hidden=\"true\" class=\"e-font-icon-svg e-fas-mail-bulk\" viewBox=\"0 0 576 512\" xmlns=\"http:\/\/www.w3.org\/2000\/svg\"><path d=\"M160 448c-25.6 0-51.2-22.4-64-32-64-44.8-83.2-60.8-96-70.4V480c0 17.67 14.33 32 32 32h256c17.67 0 32-14.33 32-32V345.6c-12.8 9.6-32 25.6-96 70.4-12.8 9.6-38.4 32-64 32zm128-192H32c-17.67 0-32 14.33-32 32v16c25.6 19.2 22.4 19.2 115.2 86.4 9.6 6.4 28.8 25.6 44.8 25.6s35.2-19.2 44.8-22.4c92.8-67.2 89.6-67.2 115.2-86.4V288c0-17.67-14.33-32-32-32zm256-96H224c-17.67 0-32 14.33-32 32v32h96c33.21 0 60.59 25.42 63.71 57.82l.29-.22V416h192c17.67 0 32-14.33 32-32V192c0-17.67-14.33-32-32-32zm-32 128h-64v-64h64v64zm-352-96c0-35.29 28.71-64 64-64h224V32c0-17.67-14.33-32-32-32H96C78.33 0 64 14.33 64 32v192h96v-32z\"><\/path><\/svg>\t\t\t<\/div>\n\t\t<\/div>\n\t\t\t\t\t\t<\/div>\n\t\t\t\t<\/div>\n\t\t\t\t<div class=\"elementor-element elementor-element-325b8de elementor-widget elementor-widget-text-editor\" data-id=\"325b8de\" data-element_type=\"widget\" data-e-type=\"widget\" data-widget_type=\"text-editor.default\">\n\t\t\t\t<div class=\"elementor-widget-container\">\n\t\t\t\t\t\t\t\t\t<p class=\"likeh3\"><strong>Keinen Tipp verpassen<\/strong><\/p>\t\t\t\t\t\t\t\t<\/div>\n\t\t\t\t<\/div>\n\t\t\t\t<div class=\"elementor-element elementor-element-f2328e2 elementor-widget elementor-widget-text-editor\" data-id=\"f2328e2\" data-element_type=\"widget\" data-e-type=\"widget\" data-widget_type=\"text-editor.default\">\n\t\t\t\t<div class=\"elementor-widget-container\">\n\t\t\t\t\t\t\t\t\t<p style=\"text-align: center;\">Registrieren Sie sich f\u00fcr <a href=\"https:\/\/share-eu1.hsforms.com\/1yO0AaAeFSqucwHJGJrSHug2b8r2p?__hstc=250407641.06bd24dfd54141f6dcdfa88f899ad115.1744014932905.1755076048453.1755085319291.157&amp;__hssc=250407641.1.1755085319291&amp;__hsfp=1783866054\" target=\"_blank\" rel=\"noopener noreferrer nofollow\">unseren Newsletter<\/a><\/p>\t\t\t\t\t\t\t\t<\/div>\n\t\t\t\t<\/div>\n\t\t\t\t<\/div>\n\t\t<div class=\"elementor-element elementor-element-ef3f3ea e-con-full e-flex wpr-particle-no wpr-jarallax-no wpr-parallax-no wpr-sticky-section-no e-con e-child\" data-id=\"ef3f3ea\" data-element_type=\"container\" data-e-type=\"container\">\n\t\t\t\t<div class=\"elementor-element elementor-element-73fc5a2 elementor-view-default elementor-widget elementor-widget-icon\" data-id=\"73fc5a2\" data-element_type=\"widget\" data-e-type=\"widget\" data-widget_type=\"icon.default\">\n\t\t\t\t<div class=\"elementor-widget-container\">\n\t\t\t\t\t\t\t<div class=\"elementor-icon-wrapper\">\n\t\t\t<div class=\"elementor-icon\">\n\t\t\t<svg aria-hidden=\"true\" class=\"e-font-icon-svg e-fas-info-circle\" viewBox=\"0 0 512 512\" xmlns=\"http:\/\/www.w3.org\/2000\/svg\"><path d=\"M256 8C119.043 8 8 119.083 8 256c0 136.997 111.043 248 248 248s248-111.003 248-248C504 119.083 392.957 8 256 8zm0 110c23.196 0 42 18.804 42 42s-18.804 42-42 42-42-18.804-42-42 18.804-42 42-42zm56 254c0 6.627-5.373 12-12 12h-88c-6.627 0-12-5.373-12-12v-24c0-6.627 5.373-12 12-12h12v-64h-12c-6.627 0-12-5.373-12-12v-24c0-6.627 5.373-12 12-12h64c6.627 0 12 5.373 12 12v100h12c6.627 0 12 5.373 12 12v24z\"><\/path><\/svg>\t\t\t<\/div>\n\t\t<\/div>\n\t\t\t\t\t\t<\/div>\n\t\t\t\t<\/div>\n\t\t\t\t<div class=\"elementor-element elementor-element-30d5e75 elementor-widget elementor-widget-text-editor\" data-id=\"30d5e75\" data-element_type=\"widget\" data-e-type=\"widget\" data-widget_type=\"text-editor.default\">\n\t\t\t\t<div class=\"elementor-widget-container\">\n\t\t\t\t\t\t\t\t\t<p><strong>Alle Infos<\/strong><\/p>\t\t\t\t\t\t\t\t<\/div>\n\t\t\t\t<\/div>\n\t\t\t\t<div class=\"elementor-element elementor-element-96ce87a elementor-widget elementor-widget-text-editor\" data-id=\"96ce87a\" data-element_type=\"widget\" data-e-type=\"widget\" data-widget_type=\"text-editor.default\">\n\t\t\t\t<div class=\"elementor-widget-container\">\n\t\t\t\t\t\t\t\t\t<p style=\"text-align: center;\">\u00fcber die Assyst.CAD Suite <a href=\"https:\/\/style3d-assyst.com\/de\/cad\/\">finden Sie hier.<\/a><\/p>\t\t\t\t\t\t\t\t<\/div>\n\t\t\t\t<\/div>\n\t\t\t\t<\/div>\n\t\t<div class=\"elementor-element elementor-element-c007bd2 e-con-full e-flex wpr-particle-no wpr-jarallax-no wpr-parallax-no wpr-sticky-section-no e-con e-child\" data-id=\"c007bd2\" data-element_type=\"container\" data-e-type=\"container\">\n\t\t\t\t<div class=\"elementor-element elementor-element-3b069f2 elementor-view-default elementor-widget elementor-widget-icon\" data-id=\"3b069f2\" data-element_type=\"widget\" data-e-type=\"widget\" data-widget_type=\"icon.default\">\n\t\t\t\t<div class=\"elementor-widget-container\">\n\t\t\t\t\t\t\t<div class=\"elementor-icon-wrapper\">\n\t\t\t<div class=\"elementor-icon\">\n\t\t\t<svg aria-hidden=\"true\" class=\"e-font-icon-svg e-fas-paper-plane\" viewBox=\"0 0 512 512\" xmlns=\"http:\/\/www.w3.org\/2000\/svg\"><path d=\"M476 3.2L12.5 270.6c-18.1 10.4-15.8 35.6 2.2 43.2L121 358.4l287.3-253.2c5.5-4.9 13.3 2.6 8.6 8.3L176 407v80.5c0 23.6 28.5 32.9 42.5 15.8L282 426l124.6 52.2c14.2 6 30.4-2.9 33-18.2l72-432C515 7.8 493.3-6.8 476 3.2z\"><\/path><\/svg>\t\t\t<\/div>\n\t\t<\/div>\n\t\t\t\t\t\t<\/div>\n\t\t\t\t<\/div>\n\t\t\t\t<div class=\"elementor-element elementor-element-e900942 elementor-widget elementor-widget-text-editor\" data-id=\"e900942\" data-element_type=\"widget\" data-e-type=\"widget\" data-widget_type=\"text-editor.default\">\n\t\t\t\t<div class=\"elementor-widget-container\">\n\t\t\t\t\t\t\t\t\t<p><strong>Sie haben Fragen<\/strong><\/p>\t\t\t\t\t\t\t\t<\/div>\n\t\t\t\t<\/div>\n\t\t\t\t<div class=\"elementor-element elementor-element-890358b elementor-widget elementor-widget-text-editor\" data-id=\"890358b\" data-element_type=\"widget\" data-e-type=\"widget\" data-widget_type=\"text-editor.default\">\n\t\t\t\t<div class=\"elementor-widget-container\">\n\t\t\t\t\t\t\t\t\t<p style=\"text-align: center;\">zu Assyst.CAD? Bitte <a href=\"mailto:contact@assyst.de\">senden Sie uns eine E-Mail.<\/a><\/p>\t\t\t\t\t\t\t\t<\/div>\n\t\t\t\t<\/div>\n\t\t\t\t<\/div>\n\t\t\t\t<\/div>\n\t\t\t\t\t<\/div>\n\t\t\t\t<\/div>\n\t\t\t\t<\/div>\n\t\t","protected":false},"excerpt":{"rendered":"<p>Beschleunigen Sie Ihre Schnittmuster-Erstellung in Assyst.CAD mit smart.run-Makros! Erstellen Sie ein Hemdenschnittmuster in Minuten \u2013 voll automatisiert mit 4 Makros M\u00f6chten Sie ein Hemdenschnittmuster erstellen oder anpassen? Nur 4 Makros erledigen die Arbeit f\u00fcr Sie!Mit unseren einsatzbereiten Makros erstellen Sie die ben\u00f6tigten Schnittteile und behalten gleichzeitig die volle Kontrolle, um Anpassungen jederzeit vorzunehmen. Dank der verbesserten smart.run-Makros in Assyst.CAD sparen Sie wertvolle Zeit bei der Schnittkonstruktion, gew\u00e4hrleisten h\u00f6chste Qualit\u00e4t und k\u00f6nnen sich auf das konzentrieren, was wirklich z\u00e4hlt. Starten Sie noch heute mit der Automatisierung in CAD! https:\/\/style3d-assyst.com\/wp-content\/uploads\/2025\/08\/story-03basics-shirt-macro9.mp4 Julian Brech, 2D\/3D Softwaretrainer bei Style3D | ASSYST, ist ein zertifizierter Fashion Designer mit praktischer Erfahrung im 2D-Design. Keinen Tipp verpassen Registrieren Sie sich f\u00fcr unseren Newsletter Alle Infos \u00fcber die Assyst.CAD Suite finden Sie hier. Sie haben Fragen zu Assyst.CAD? Bitte senden Sie uns eine E-Mail.<\/p>\n","protected":false},"author":6,"featured_media":8729,"parent":6479,"menu_order":0,"comment_status":"closed","ping_status":"closed","template":"","meta":{"_acf_changed":false,"content-type":"","footnotes":""},"class_list":["post-6430","page","type-page","status-publish","has-post-thumbnail","hentry"],"acf":[],"yoast_head":"<!-- This site is optimized with the Yoast SEO plugin v27.5 - https:\/\/yoast.com\/product\/yoast-seo-wordpress\/ -->\n<title>Makro Hemd - Style3D | Assyst<\/title>\n<meta name=\"description\" content=\"Tutorial zu unseren Smart.Run Makros. So erstellen Sie ein Hemdenschnittmuster in Minuten \u2013 voll automatisiert!\" \/>\n<meta name=\"robots\" content=\"index, follow, max-snippet:-1, max-image-preview:large, max-video-preview:-1\" \/>\n<link rel=\"canonical\" href=\"https:\/\/style3d-assyst.com\/de\/tutorials\/makro-hemd\/\" \/>\n<meta property=\"og:locale\" content=\"de_DE\" \/>\n<meta property=\"og:type\" content=\"article\" \/>\n<meta property=\"og:title\" content=\"Makro Hemd - Style3D | Assyst\" \/>\n<meta property=\"og:description\" content=\"Tutorial zu unseren Smart.Run Makros. So erstellen Sie ein Hemdenschnittmuster in Minuten \u2013 voll automatisiert!\" \/>\n<meta property=\"og:url\" content=\"https:\/\/style3d-assyst.com\/de\/tutorials\/makro-hemd\/\" \/>\n<meta property=\"og:site_name\" content=\"Style3D | Assyst\" \/>\n<meta property=\"article:modified_time\" content=\"2025-09-16T11:03:03+00:00\" \/>\n<meta property=\"og:image\" content=\"https:\/\/style3d-assyst.com\/wp-content\/uploads\/2025\/09\/Macro-tshirt_preiew_Image.jpg\" \/>\n\t<meta property=\"og:image:width\" content=\"914\" \/>\n\t<meta property=\"og:image:height\" content=\"864\" \/>\n\t<meta property=\"og:image:type\" content=\"image\/jpeg\" \/>\n<meta name=\"twitter:card\" content=\"summary_large_image\" \/>\n<meta name=\"twitter:label1\" content=\"Gesch\u00e4tzte Lesezeit\" \/>\n\t<meta name=\"twitter:data1\" content=\"1\u00a0Minute\" \/>\n<script type=\"application\/ld+json\" class=\"yoast-schema-graph\">{\"@context\":\"https:\\\/\\\/schema.org\",\"@graph\":[{\"@type\":\"WebPage\",\"@id\":\"https:\\\/\\\/style3d-assyst.com\\\/de\\\/tutorials\\\/makro-hemd\\\/\",\"url\":\"https:\\\/\\\/style3d-assyst.com\\\/de\\\/tutorials\\\/makro-hemd\\\/\",\"name\":\"Makro Hemd - Style3D | Assyst\",\"isPartOf\":{\"@id\":\"https:\\\/\\\/style3d-assyst.com\\\/de\\\/#website\"},\"primaryImageOfPage\":{\"@id\":\"https:\\\/\\\/style3d-assyst.com\\\/de\\\/tutorials\\\/makro-hemd\\\/#primaryimage\"},\"image\":{\"@id\":\"https:\\\/\\\/style3d-assyst.com\\\/de\\\/tutorials\\\/makro-hemd\\\/#primaryimage\"},\"thumbnailUrl\":\"https:\\\/\\\/style3d-assyst.com\\\/wp-content\\\/uploads\\\/2025\\\/09\\\/Macro-tshirt_preiew_Image.jpg\",\"datePublished\":\"2025-08-11T14:12:08+00:00\",\"dateModified\":\"2025-09-16T11:03:03+00:00\",\"description\":\"Tutorial zu unseren Smart.Run Makros. So erstellen Sie ein Hemdenschnittmuster in Minuten \u2013 voll automatisiert!\",\"breadcrumb\":{\"@id\":\"https:\\\/\\\/style3d-assyst.com\\\/de\\\/tutorials\\\/makro-hemd\\\/#breadcrumb\"},\"inLanguage\":\"de\",\"potentialAction\":[{\"@type\":\"ReadAction\",\"target\":[\"https:\\\/\\\/style3d-assyst.com\\\/de\\\/tutorials\\\/makro-hemd\\\/\"]}]},{\"@type\":\"ImageObject\",\"inLanguage\":\"de\",\"@id\":\"https:\\\/\\\/style3d-assyst.com\\\/de\\\/tutorials\\\/makro-hemd\\\/#primaryimage\",\"url\":\"https:\\\/\\\/style3d-assyst.com\\\/wp-content\\\/uploads\\\/2025\\\/09\\\/Macro-tshirt_preiew_Image.jpg\",\"contentUrl\":\"https:\\\/\\\/style3d-assyst.com\\\/wp-content\\\/uploads\\\/2025\\\/09\\\/Macro-tshirt_preiew_Image.jpg\",\"width\":914,\"height\":864,\"caption\":\"Create a thshirt pattern with macros only!\"},{\"@type\":\"BreadcrumbList\",\"@id\":\"https:\\\/\\\/style3d-assyst.com\\\/de\\\/tutorials\\\/makro-hemd\\\/#breadcrumb\",\"itemListElement\":[{\"@type\":\"ListItem\",\"position\":1,\"name\":\"Startseite\",\"item\":\"https:\\\/\\\/style3d-assyst.com\\\/de\\\/startseite\\\/\"},{\"@type\":\"ListItem\",\"position\":2,\"name\":\"Events\",\"item\":\"https:\\\/\\\/style3d-assyst.com\\\/de\\\/events\\\/\"},{\"@type\":\"ListItem\",\"position\":3,\"name\":\"Makro Hemd\"}]},{\"@type\":\"WebSite\",\"@id\":\"https:\\\/\\\/style3d-assyst.com\\\/de\\\/#website\",\"url\":\"https:\\\/\\\/style3d-assyst.com\\\/de\\\/\",\"name\":\"Style3D | Assyst\",\"description\":\"3D-Stoffsimulation, 2D-CAD f\u00fcr die Modebranche\",\"publisher\":{\"@id\":\"https:\\\/\\\/style3d-assyst.com\\\/de\\\/#organization\"},\"potentialAction\":[{\"@type\":\"SearchAction\",\"target\":{\"@type\":\"EntryPoint\",\"urlTemplate\":\"https:\\\/\\\/style3d-assyst.com\\\/de\\\/?s={search_term_string}\"},\"query-input\":{\"@type\":\"PropertyValueSpecification\",\"valueRequired\":true,\"valueName\":\"search_term_string\"}}],\"inLanguage\":\"de\"},{\"@type\":\"Organization\",\"@id\":\"https:\\\/\\\/style3d-assyst.com\\\/de\\\/#organization\",\"name\":\"Style3D | Assyst\",\"url\":\"https:\\\/\\\/style3d-assyst.com\\\/de\\\/\",\"logo\":{\"@type\":\"ImageObject\",\"inLanguage\":\"de\",\"@id\":\"https:\\\/\\\/style3d-assyst.com\\\/de\\\/#\\\/schema\\\/logo\\\/image\\\/\",\"url\":\"https:\\\/\\\/style3d-assyst.com\\\/wp-content\\\/uploads\\\/2025\\\/06\\\/logo-style3d-assyst.png\",\"contentUrl\":\"https:\\\/\\\/style3d-assyst.com\\\/wp-content\\\/uploads\\\/2025\\\/06\\\/logo-style3d-assyst.png\",\"width\":855,\"height\":103,\"caption\":\"Style3D | Assyst\"},\"image\":{\"@id\":\"https:\\\/\\\/style3d-assyst.com\\\/de\\\/#\\\/schema\\\/logo\\\/image\\\/\"},\"sameAs\":[\"https:\\\/\\\/www.linkedin.com\\\/company\\\/assyst-gmbh\\\/\",\"https:\\\/\\\/www.instagram.com\\\/style3d.assyst\",\"https:\\\/\\\/www.youtube.com\\\/channel\\\/UCL09FVvHxGd2XGgdM94FD0w\"]}]}<\/script>\n<!-- \/ Yoast SEO plugin. -->","yoast_head_json":{"title":"Makro Hemd - Style3D | Assyst","description":"Tutorial zu unseren Smart.Run Makros. So erstellen Sie ein Hemdenschnittmuster in Minuten \u2013 voll automatisiert!","robots":{"index":"index","follow":"follow","max-snippet":"max-snippet:-1","max-image-preview":"max-image-preview:large","max-video-preview":"max-video-preview:-1"},"canonical":"https:\/\/style3d-assyst.com\/de\/tutorials\/makro-hemd\/","og_locale":"de_DE","og_type":"article","og_title":"Makro Hemd - Style3D | Assyst","og_description":"Tutorial zu unseren Smart.Run Makros. So erstellen Sie ein Hemdenschnittmuster in Minuten \u2013 voll automatisiert!","og_url":"https:\/\/style3d-assyst.com\/de\/tutorials\/makro-hemd\/","og_site_name":"Style3D | Assyst","article_modified_time":"2025-09-16T11:03:03+00:00","og_image":[{"width":914,"height":864,"url":"https:\/\/style3d-assyst.com\/wp-content\/uploads\/2025\/09\/Macro-tshirt_preiew_Image.jpg","type":"image\/jpeg"}],"twitter_card":"summary_large_image","twitter_misc":{"Gesch\u00e4tzte Lesezeit":"1\u00a0Minute"},"schema":{"@context":"https:\/\/schema.org","@graph":[{"@type":"WebPage","@id":"https:\/\/style3d-assyst.com\/de\/tutorials\/makro-hemd\/","url":"https:\/\/style3d-assyst.com\/de\/tutorials\/makro-hemd\/","name":"Makro Hemd - Style3D | Assyst","isPartOf":{"@id":"https:\/\/style3d-assyst.com\/de\/#website"},"primaryImageOfPage":{"@id":"https:\/\/style3d-assyst.com\/de\/tutorials\/makro-hemd\/#primaryimage"},"image":{"@id":"https:\/\/style3d-assyst.com\/de\/tutorials\/makro-hemd\/#primaryimage"},"thumbnailUrl":"https:\/\/style3d-assyst.com\/wp-content\/uploads\/2025\/09\/Macro-tshirt_preiew_Image.jpg","datePublished":"2025-08-11T14:12:08+00:00","dateModified":"2025-09-16T11:03:03+00:00","description":"Tutorial zu unseren Smart.Run Makros. So erstellen Sie ein Hemdenschnittmuster in Minuten \u2013 voll automatisiert!","breadcrumb":{"@id":"https:\/\/style3d-assyst.com\/de\/tutorials\/makro-hemd\/#breadcrumb"},"inLanguage":"de","potentialAction":[{"@type":"ReadAction","target":["https:\/\/style3d-assyst.com\/de\/tutorials\/makro-hemd\/"]}]},{"@type":"ImageObject","inLanguage":"de","@id":"https:\/\/style3d-assyst.com\/de\/tutorials\/makro-hemd\/#primaryimage","url":"https:\/\/style3d-assyst.com\/wp-content\/uploads\/2025\/09\/Macro-tshirt_preiew_Image.jpg","contentUrl":"https:\/\/style3d-assyst.com\/wp-content\/uploads\/2025\/09\/Macro-tshirt_preiew_Image.jpg","width":914,"height":864,"caption":"Create a thshirt pattern with macros only!"},{"@type":"BreadcrumbList","@id":"https:\/\/style3d-assyst.com\/de\/tutorials\/makro-hemd\/#breadcrumb","itemListElement":[{"@type":"ListItem","position":1,"name":"Startseite","item":"https:\/\/style3d-assyst.com\/de\/startseite\/"},{"@type":"ListItem","position":2,"name":"Events","item":"https:\/\/style3d-assyst.com\/de\/events\/"},{"@type":"ListItem","position":3,"name":"Makro Hemd"}]},{"@type":"WebSite","@id":"https:\/\/style3d-assyst.com\/de\/#website","url":"https:\/\/style3d-assyst.com\/de\/","name":"Style3D | Assyst","description":"3D-Stoffsimulation, 2D-CAD f\u00fcr die Modebranche","publisher":{"@id":"https:\/\/style3d-assyst.com\/de\/#organization"},"potentialAction":[{"@type":"SearchAction","target":{"@type":"EntryPoint","urlTemplate":"https:\/\/style3d-assyst.com\/de\/?s={search_term_string}"},"query-input":{"@type":"PropertyValueSpecification","valueRequired":true,"valueName":"search_term_string"}}],"inLanguage":"de"},{"@type":"Organization","@id":"https:\/\/style3d-assyst.com\/de\/#organization","name":"Style3D | Assyst","url":"https:\/\/style3d-assyst.com\/de\/","logo":{"@type":"ImageObject","inLanguage":"de","@id":"https:\/\/style3d-assyst.com\/de\/#\/schema\/logo\/image\/","url":"https:\/\/style3d-assyst.com\/wp-content\/uploads\/2025\/06\/logo-style3d-assyst.png","contentUrl":"https:\/\/style3d-assyst.com\/wp-content\/uploads\/2025\/06\/logo-style3d-assyst.png","width":855,"height":103,"caption":"Style3D | Assyst"},"image":{"@id":"https:\/\/style3d-assyst.com\/de\/#\/schema\/logo\/image\/"},"sameAs":["https:\/\/www.linkedin.com\/company\/assyst-gmbh\/","https:\/\/www.instagram.com\/style3d.assyst","https:\/\/www.youtube.com\/channel\/UCL09FVvHxGd2XGgdM94FD0w"]}]}},"_links":{"self":[{"href":"https:\/\/style3d-assyst.com\/de\/wp-json\/wp\/v2\/pages\/6430","targetHints":{"allow":["GET"]}}],"collection":[{"href":"https:\/\/style3d-assyst.com\/de\/wp-json\/wp\/v2\/pages"}],"about":[{"href":"https:\/\/style3d-assyst.com\/de\/wp-json\/wp\/v2\/types\/page"}],"author":[{"embeddable":true,"href":"https:\/\/style3d-assyst.com\/de\/wp-json\/wp\/v2\/users\/6"}],"replies":[{"embeddable":true,"href":"https:\/\/style3d-assyst.com\/de\/wp-json\/wp\/v2\/comments?post=6430"}],"version-history":[{"count":8,"href":"https:\/\/style3d-assyst.com\/de\/wp-json\/wp\/v2\/pages\/6430\/revisions"}],"predecessor-version":[{"id":9413,"href":"https:\/\/style3d-assyst.com\/de\/wp-json\/wp\/v2\/pages\/6430\/revisions\/9413"}],"up":[{"embeddable":true,"href":"https:\/\/style3d-assyst.com\/de\/wp-json\/wp\/v2\/pages\/6479"}],"wp:featuredmedia":[{"embeddable":true,"href":"https:\/\/style3d-assyst.com\/de\/wp-json\/wp\/v2\/media\/8729"}],"wp:attachment":[{"href":"https:\/\/style3d-assyst.com\/de\/wp-json\/wp\/v2\/media?parent=6430"}],"curies":[{"name":"wp","href":"https:\/\/api.w.org\/{rel}","templated":true}]}}