{"id":12361,"date":"2025-10-17T09:19:10","date_gmt":"2025-10-17T07:19:10","guid":{"rendered":"https:\/\/style3d-assyst.com\/?page_id=12361"},"modified":"2025-11-13T20:02:42","modified_gmt":"2025-11-13T19:02:42","slug":"olymp-webinar","status":"publish","type":"page","link":"https:\/\/style3d-assyst.com\/de\/events\/olymp-webinar\/","title":{"rendered":"Olymp Webinar"},"content":{"rendered":"\t\t<div data-elementor-type=\"wp-page\" data-elementor-id=\"12361\" class=\"elementor elementor-12361\" data-elementor-post-type=\"page\">\n\t\t\t\t<div class=\"elementor-element elementor-element-3abc81c e-flex e-con-boxed wpr-particle-no wpr-jarallax-no wpr-parallax-no wpr-sticky-section-no e-con e-parent\" data-id=\"3abc81c\" data-element_type=\"container\" data-e-type=\"container\" data-settings=\"{&quot;background_background&quot;:&quot;classic&quot;}\">\n\t\t\t\t\t<div class=\"e-con-inner\">\n\t\t\t\t<div class=\"elementor-element elementor-element-e25e85c elementor-widget elementor-widget-heading\" data-id=\"e25e85c\" data-element_type=\"widget\" data-e-type=\"widget\" data-widget_type=\"heading.default\">\n\t\t\t\t<div class=\"elementor-widget-container\">\n\t\t\t\t\t<h2 class=\"elementor-heading-title elementor-size-default\">Next level fashion <\/h2>\t\t\t\t<\/div>\n\t\t\t\t<\/div>\n\t\t\t\t<div class=\"elementor-element elementor-element-98f7d30 elementor-widget elementor-widget-text-editor\" data-id=\"98f7d30\" data-element_type=\"widget\" data-e-type=\"widget\" data-widget_type=\"text-editor.default\">\n\t\t\t\t<div class=\"elementor-widget-container\">\n\t\t\t\t\t\t\t\t\t<p>OLYMP vom 3D-Design zur KI-unterst\u00fctzten Produktpr\u00e4sentation<\/p>\t\t\t\t\t\t\t\t<\/div>\n\t\t\t\t<\/div>\n\t\t\t\t\t<\/div>\n\t\t\t\t<\/div>\n\t\t<div class=\"elementor-element elementor-element-6680d1b e-flex e-con-boxed wpr-particle-no wpr-jarallax-no wpr-parallax-no wpr-sticky-section-no e-con e-parent\" data-id=\"6680d1b\" data-element_type=\"container\" data-e-type=\"container\" data-settings=\"{&quot;background_background&quot;:&quot;classic&quot;}\">\n\t\t\t\t\t<div class=\"e-con-inner\">\n\t\t\t\t<div class=\"elementor-element elementor-element-4169874 elementor-widget elementor-widget-text-editor\" data-id=\"4169874\" data-element_type=\"widget\" data-e-type=\"widget\" data-widget_type=\"text-editor.default\">\n\t\t\t\t<div class=\"elementor-widget-container\">\n\t\t\t\t\t\t\t\t\t<p><strong>Erleben Sie das Webinar mit dem OLYMP-Team noch einmal &#8211; &#8220;Next Level Fashion&#8221; in Aktion.<\/strong><\/p>\t\t\t\t\t\t\t\t<\/div>\n\t\t\t\t<\/div>\n\t\t\t\t<div class=\"elementor-element elementor-element-eb87d87 elementor-widget elementor-widget-video\" data-id=\"eb87d87\" data-element_type=\"widget\" data-e-type=\"widget\" data-settings=\"{&quot;video_type&quot;:&quot;hosted&quot;,&quot;controls&quot;:&quot;yes&quot;}\" data-widget_type=\"video.default\">\n\t\t\t\t<div class=\"elementor-widget-container\">\n\t\t\t\t\t\t\t<div class=\"e-hosted-video elementor-wrapper elementor-open-inline\">\n\t\t\t\t\t<video class=\"elementor-video\" src=\"https:\/\/style3d-assyst.com\/wp-content\/uploads\/2025\/11\/Olymp_Style3D-ASSYST-webinar_1920x1200-1.mp4\" controls=\"\" preload=\"metadata\" controlsList=\"nodownload\" poster=\"https:\/\/style3d-assyst.com\/wp-content\/uploads\/2025\/11\/olymp_webinar.jpg\"><\/video>\n\t\t\t\t<\/div>\n\t\t\t\t\t\t<\/div>\n\t\t\t\t<\/div>\n\t\t\t\t<div class=\"elementor-element elementor-element-1bb2b4a elementor-widget elementor-widget-spacer\" data-id=\"1bb2b4a\" data-element_type=\"widget\" data-e-type=\"widget\" data-widget_type=\"spacer.default\">\n\t\t\t\t<div class=\"elementor-widget-container\">\n\t\t\t\t\t\t\t<div class=\"elementor-spacer\">\n\t\t\t<div class=\"elementor-spacer-inner\"><\/div>\n\t\t<\/div>\n\t\t\t\t\t\t<\/div>\n\t\t\t\t<\/div>\n\t\t\t\t<div class=\"elementor-element elementor-element-70b494f elementor-widget elementor-widget-text-editor\" data-id=\"70b494f\" data-element_type=\"widget\" data-e-type=\"widget\" data-widget_type=\"text-editor.default\">\n\t\t\t\t<div class=\"elementor-widget-container\">\n\t\t\t\t\t\t\t\t\t<p>M\u00f6chten Sie sehen, wie 3D und KI Ihr Unternehmen voranbringen k\u00f6nnen? Kontaktieren Sie uns gerne &#8211; wir freuen uns auf Ihre Nachricht.<\/p>\t\t\t\t\t\t\t\t<\/div>\n\t\t\t\t<\/div>\n\t\t\t\t<div class=\"elementor-element elementor-element-0e16550 elementor-widget elementor-widget-button\" data-id=\"0e16550\" data-element_type=\"widget\" data-e-type=\"widget\" data-widget_type=\"button.default\">\n\t\t\t\t<div class=\"elementor-widget-container\">\n\t\t\t\t\t\t\t\t\t<div class=\"elementor-button-wrapper\">\n\t\t\t\t\t<a class=\"elementor-button elementor-button-link elementor-size-sm\" href=\"https:\/\/style3d-assyst.com\/de\/kontakt\/\" target=\"_blank\">\n\t\t\t\t\t\t<span class=\"elementor-button-content-wrapper\">\n\t\t\t\t\t\t\t\t\t<span class=\"elementor-button-text\">Termin vereinbaren<\/span>\n\t\t\t\t\t<\/span>\n\t\t\t\t\t<\/a>\n\t\t\t\t<\/div>\n\t\t\t\t\t\t\t\t<\/div>\n\t\t\t\t<\/div>\n\t\t\t\t<div class=\"elementor-element elementor-element-5eabe8a elementor-widget elementor-widget-spacer\" data-id=\"5eabe8a\" data-element_type=\"widget\" data-e-type=\"widget\" data-widget_type=\"spacer.default\">\n\t\t\t\t<div class=\"elementor-widget-container\">\n\t\t\t\t\t\t\t<div class=\"elementor-spacer\">\n\t\t\t<div class=\"elementor-spacer-inner\"><\/div>\n\t\t<\/div>\n\t\t\t\t\t\t<\/div>\n\t\t\t\t<\/div>\n\t\t\t\t<div class=\"elementor-element elementor-element-132895e elementor-widget elementor-widget-text-editor\" data-id=\"132895e\" data-element_type=\"widget\" data-e-type=\"widget\" data-widget_type=\"text-editor.default\">\n\t\t\t\t<div class=\"elementor-widget-container\">\n\t\t\t\t\t\t\t\t\t<p><strong>Das Webinar im \u00dcberblick<\/strong><\/p><p>Bei OLYMP entsteht jeder Look zuerst digital \u2013 vom Design \u00fcber 3D-Entwicklung bis zum digitalen Showroom inklusive KI-gest\u00fctztes Fotoshooting und digitale Packshots. Erst sp\u00e4t im Prozess bekommt das digitale Produkt seinen physischen Zwilling.<\/p><p>Im Webinar zeigt das OLYMP-Team, wie es diesen durchg\u00e4ngigen Workflow mit <strong>Style3D | ASSYST<\/strong> in der Praxis umsetzt, welche Vorteile sich daraus ergeben und welche Erfahrungen sie auf dem Weg zur vollst\u00e4ndig digitalen Prozesskette gemacht haben. Ein spannender Erfahrungsaustausch f\u00fcr alle, die \u00fcber 3D oder KI nachdenken oder bereits mittendrin stecken und Orientierung f\u00fcr die n\u00e4chsten Schritte suchen.<\/p>\t\t\t\t\t\t\t\t<\/div>\n\t\t\t\t<\/div>\n\t\t<div class=\"elementor-element elementor-element-bfb1c29 e-con-full e-flex wpr-particle-no wpr-jarallax-no wpr-parallax-no wpr-sticky-section-no e-con e-child\" data-id=\"bfb1c29\" data-element_type=\"container\" data-e-type=\"container\">\n\t\t<div class=\"elementor-element elementor-element-cadfea5 e-con-full e-flex wpr-particle-no wpr-jarallax-no wpr-parallax-no wpr-sticky-section-no e-con e-child\" data-id=\"cadfea5\" data-element_type=\"container\" data-e-type=\"container\">\n\t\t\t\t<div class=\"elementor-element elementor-element-43dfe5b elementor-widget elementor-widget-text-editor\" data-id=\"43dfe5b\" data-element_type=\"widget\" data-e-type=\"widget\" data-widget_type=\"text-editor.default\">\n\t\t\t\t<div class=\"elementor-widget-container\">\n\t\t\t\t\t\t\t\t\t<table class=\"table table-light\"><tbody><tr><td><p><b>Wann?<\/b><\/p><\/td><td><p>12. November 2025\u00a0 \u00a0 \u00a011:30 Uhr<\/p><\/td><\/tr><tr><td><p><b>Wo?<\/b><\/p><\/td><td>Online live &#8211; nach der Anmeldung erhalten Sie den Link<\/td><\/tr><tr><td><p><strong>Kosten<\/strong><\/p><\/td><td><p>Kostenlos<\/p><\/td><\/tr><tr><td><p><strong>Plattform<br \/><\/strong><\/p><\/td><td><p>Zoom<\/p><\/td><\/tr><\/tbody><\/table>\t\t\t\t\t\t\t\t<\/div>\n\t\t\t\t<\/div>\n\t\t\t\t<\/div>\n\t\t<div class=\"elementor-element elementor-element-89fd9bb e-con-full e-flex wpr-particle-no wpr-jarallax-no wpr-parallax-no wpr-sticky-section-no e-con e-child\" data-id=\"89fd9bb\" data-element_type=\"container\" data-e-type=\"container\">\n\t\t\t\t<div class=\"elementor-element elementor-element-9954c90 elementor-widget elementor-widget-image\" data-id=\"9954c90\" data-element_type=\"widget\" data-e-type=\"widget\" data-widget_type=\"image.default\">\n\t\t\t\t<div class=\"elementor-widget-container\">\n\t\t\t\t\t\t\t\t\t\t\t\t\t\t\t<img fetchpriority=\"high\" decoding=\"async\" width=\"400\" height=\"400\" src=\"https:\/\/style3d-assyst.com\/wp-content\/uploads\/2025\/10\/olymp_style3d_400.jpg\" class=\"attachment-full size-full wp-image-12025\" alt=\"\" srcset=\"https:\/\/style3d-assyst.com\/wp-content\/uploads\/2025\/10\/olymp_style3d_400.jpg 400w, https:\/\/style3d-assyst.com\/wp-content\/uploads\/2025\/10\/olymp_style3d_400-300x300.jpg 300w, https:\/\/style3d-assyst.com\/wp-content\/uploads\/2025\/10\/olymp_style3d_400-150x150.jpg 150w, https:\/\/style3d-assyst.com\/wp-content\/uploads\/2025\/10\/elementor\/thumbs\/olymp_style3d_400-rd6rqyi9zpqkkebi4dkkive6hsiyq1zt2kklbwy2bo.jpg 250w, https:\/\/style3d-assyst.com\/wp-content\/uploads\/2025\/10\/elementor\/thumbs\/olymp_style3d_400-rd6rqyia43m7q74vk9noqha0liy4l8bdnr13y1zsbs.jpg 260w, https:\/\/style3d-assyst.com\/wp-content\/uploads\/2025\/10\/elementor\/thumbs\/olymp_style3d_400-rd6rqyia381hhu679w1goyi1rz9hte92cbc7f86n4k.jpg 258w\" sizes=\"(max-width: 400px) 100vw, 400px\" \/>\t\t\t\t\t\t\t\t\t\t\t\t\t\t\t<\/div>\n\t\t\t\t<\/div>\n\t\t\t\t<\/div>\n\t\t\t\t<\/div>\n\t\t\t\t\t<\/div>\n\t\t\t\t<\/div>\n\t\t<div class=\"elementor-element elementor-element-b0c7c5e e-flex e-con-boxed wpr-particle-no wpr-jarallax-no wpr-parallax-no wpr-sticky-section-no e-con e-parent\" data-id=\"b0c7c5e\" data-element_type=\"container\" data-e-type=\"container\" data-settings=\"{&quot;background_background&quot;:&quot;classic&quot;}\">\n\t\t\t\t\t<div class=\"e-con-inner\">\n\t\t\t\t<div class=\"elementor-element elementor-element-4c3531b elementor-widget elementor-widget-spacer\" data-id=\"4c3531b\" data-element_type=\"widget\" data-e-type=\"widget\" data-widget_type=\"spacer.default\">\n\t\t\t\t<div class=\"elementor-widget-container\">\n\t\t\t\t\t\t\t<div class=\"elementor-spacer\">\n\t\t\t<div class=\"elementor-spacer-inner\"><\/div>\n\t\t<\/div>\n\t\t\t\t\t\t<\/div>\n\t\t\t\t<\/div>\n\t\t\t\t\t<\/div>\n\t\t\t\t<\/div>\n\t\t<div class=\"elementor-element elementor-element-d1f6ce7 e-flex e-con-boxed wpr-particle-no wpr-jarallax-no wpr-parallax-no wpr-sticky-section-no e-con e-parent\" data-id=\"d1f6ce7\" data-element_type=\"container\" data-e-type=\"container\" data-settings=\"{&quot;background_background&quot;:&quot;classic&quot;}\">\n\t\t\t\t\t<div class=\"e-con-inner\">\n\t\t\t\t<div class=\"elementor-element elementor-element-882bd54 elementor-widget elementor-widget-heading\" data-id=\"882bd54\" data-element_type=\"widget\" data-e-type=\"widget\" data-widget_type=\"heading.default\">\n\t\t\t\t<div class=\"elementor-widget-container\">\n\t\t\t\t\t<h2 class=\"elementor-heading-title elementor-size-default\">Unsere Gastredner von OLYMP<\/h2>\t\t\t\t<\/div>\n\t\t\t\t<\/div>\n\t\t<div class=\"elementor-element elementor-element-a8fb3ed e-con-full e-flex wpr-particle-no wpr-jarallax-no wpr-parallax-no wpr-sticky-section-no e-con e-child\" data-id=\"a8fb3ed\" data-element_type=\"container\" data-e-type=\"container\">\n\t\t<div class=\"elementor-element elementor-element-1c87d39 e-con-full e-flex wpr-particle-no wpr-jarallax-no wpr-parallax-no wpr-sticky-section-no e-con e-child\" data-id=\"1c87d39\" data-element_type=\"container\" data-e-type=\"container\">\n\t\t\t\t<div class=\"elementor-element elementor-element-fce0a33 elementor-author-box--layout-image-above elementor-author-box--align-center elementor-widget elementor-widget-author-box\" data-id=\"fce0a33\" data-element_type=\"widget\" data-e-type=\"widget\" data-widget_type=\"author-box.default\">\n\t\t\t\t<div class=\"elementor-widget-container\">\n\t\t\t\t\t\t\t<div class=\"elementor-author-box\">\n\t\t\t\t\t\t\t<div  class=\"elementor-author-box__avatar\">\n\t\t\t\t\t<img decoding=\"async\" src=\"https:\/\/style3d-assyst.com\/wp-content\/uploads\/2025\/10\/Businessfoto_Tina-Anschuetz_1_1-300x300.jpg\" alt=\"Bild von Tina Ansch\u00fctz\" loading=\"lazy\">\n\t\t\t\t<\/div>\n\t\t\t\n\t\t\t<div class=\"elementor-author-box__text\">\n\t\t\t\t\t\t\t\t\t<div >\n\t\t\t\t\t\t<h4 class=\"elementor-author-box__name\">\n\t\t\t\t\t\t\tTina Ansch\u00fctz\t\t\t\t\t\t<\/h4>\n\t\t\t\t\t<\/div>\n\t\t\t\t\n\t\t\t\t\t\t\t\t\t<div class=\"elementor-author-box__bio\">\n\t\t\t\t\t\t<p>Team Lead IT Digitalisation bei OLYMP<\/p>\n\t\t\t\t\t<\/div>\n\t\t\t\t\n\t\t\t\t\t\t\t<\/div>\n\t\t<\/div>\n\t\t\t\t\t\t<\/div>\n\t\t\t\t<\/div>\n\t\t\t\t<\/div>\n\t\t<div class=\"elementor-element elementor-element-c71015e e-con-full e-flex wpr-particle-no wpr-jarallax-no wpr-parallax-no wpr-sticky-section-no e-con e-child\" data-id=\"c71015e\" data-element_type=\"container\" data-e-type=\"container\">\n\t\t\t\t<div class=\"elementor-element elementor-element-cfa2a79 elementor-author-box--layout-image-above elementor-author-box--align-center elementor-widget elementor-widget-author-box\" data-id=\"cfa2a79\" data-element_type=\"widget\" data-e-type=\"widget\" data-widget_type=\"author-box.default\">\n\t\t\t\t<div class=\"elementor-widget-container\">\n\t\t\t\t\t\t\t<div class=\"elementor-author-box\">\n\t\t\t\t\t\t\t<div  class=\"elementor-author-box__avatar\">\n\t\t\t\t\t<img decoding=\"async\" src=\"https:\/\/style3d-assyst.com\/wp-content\/uploads\/2025\/10\/Maik_Bleibaum_Swyxlt-300x300.jpg\" alt=\"Bild von Maik Bleibaum\" loading=\"lazy\">\n\t\t\t\t<\/div>\n\t\t\t\n\t\t\t<div class=\"elementor-author-box__text\">\n\t\t\t\t\t\t\t\t\t<div >\n\t\t\t\t\t\t<h4 class=\"elementor-author-box__name\">\n\t\t\t\t\t\t\tMaik Bleibaum\t\t\t\t\t\t<\/h4>\n\t\t\t\t\t<\/div>\n\t\t\t\t\n\t\t\t\t\t\t\t\t\t<div class=\"elementor-author-box__bio\">\n\t\t\t\t\t\t<p>Senior Digital Process Manager bei OLYMP<\/p>\n\t\t\t\t\t<\/div>\n\t\t\t\t\n\t\t\t\t\t\t\t<\/div>\n\t\t<\/div>\n\t\t\t\t\t\t<\/div>\n\t\t\t\t<\/div>\n\t\t\t\t<\/div>\n\t\t\t\t<\/div>\n\t\t\t\t\t<\/div>\n\t\t\t\t<\/div>\n\t\t\t\t<\/div>\n\t\t","protected":false},"excerpt":{"rendered":"<p>Next level fashion OLYMP vom 3D-Design zur KI-unterst\u00fctzten Produktpr\u00e4sentation Erleben Sie das Webinar mit dem OLYMP-Team noch einmal &#8211; &#8220;Next Level Fashion&#8221; in Aktion. https:\/\/style3d-assyst.com\/wp-content\/uploads\/2025\/11\/Olymp_Style3D-ASSYST-webinar_1920x1200-1.mp4 M\u00f6chten Sie sehen, wie 3D und KI Ihr Unternehmen voranbringen k\u00f6nnen? Kontaktieren Sie uns gerne &#8211; wir freuen uns auf Ihre Nachricht. Termin vereinbaren Das Webinar im \u00dcberblick Bei OLYMP entsteht jeder Look zuerst digital \u2013 vom Design \u00fcber 3D-Entwicklung bis zum digitalen Showroom inklusive KI-gest\u00fctztes Fotoshooting und digitale Packshots. Erst sp\u00e4t im Prozess bekommt das digitale Produkt seinen physischen Zwilling. Im Webinar zeigt das OLYMP-Team, wie es diesen durchg\u00e4ngigen Workflow mit Style3D | ASSYST in der Praxis umsetzt, welche Vorteile sich daraus ergeben und welche Erfahrungen sie auf dem Weg zur vollst\u00e4ndig digitalen Prozesskette gemacht haben. Ein spannender Erfahrungsaustausch f\u00fcr alle, die \u00fcber 3D oder KI nachdenken oder bereits mittendrin stecken und Orientierung f\u00fcr die n\u00e4chsten Schritte suchen. Wann? 12. November 2025\u00a0 \u00a0 \u00a011:30 Uhr Wo? Online live &#8211; nach der Anmeldung erhalten Sie den Link Kosten Kostenlos Plattform Zoom Unsere Gastredner von OLYMP<\/p>\n","protected":false},"author":11,"featured_media":12551,"parent":6709,"menu_order":0,"comment_status":"closed","ping_status":"closed","template":"","meta":{"_acf_changed":false,"content-type":"","footnotes":""},"class_list":["post-12361","page","type-page","status-publish","has-post-thumbnail","hentry"],"acf":[],"yoast_head":"<!-- This site is optimized with the Yoast SEO plugin v27.5 - https:\/\/yoast.com\/product\/yoast-seo-wordpress\/ -->\n<title>Olymp Webinar - Style3D | Assyst<\/title>\n<meta name=\"description\" content=\"Bei OLYMP entsteht jeder Look zuerst digital \u2013 vom Design \u00fcber 3D-Entwicklung bis zum digitalen Showroom inklusive KI-gest\u00fctztes Fotoshooting und digitale Packshots.\" \/>\n<meta name=\"robots\" content=\"index, follow, max-snippet:-1, max-image-preview:large, max-video-preview:-1\" \/>\n<link rel=\"canonical\" href=\"https:\/\/style3d-assyst.com\/de\/events\/olymp-webinar\/\" \/>\n<meta property=\"og:locale\" content=\"de_DE\" \/>\n<meta property=\"og:type\" content=\"article\" \/>\n<meta property=\"og:title\" content=\"Olymp Webinar - Style3D | Assyst\" \/>\n<meta property=\"og:description\" content=\"Bei OLYMP entsteht jeder Look zuerst digital \u2013 vom Design \u00fcber 3D-Entwicklung bis zum digitalen Showroom inklusive KI-gest\u00fctztes Fotoshooting und digitale Packshots.\" \/>\n<meta property=\"og:url\" content=\"https:\/\/style3d-assyst.com\/de\/events\/olymp-webinar\/\" \/>\n<meta property=\"og:site_name\" content=\"Style3D | Assyst\" \/>\n<meta property=\"article:modified_time\" content=\"2025-11-13T19:02:42+00:00\" \/>\n<meta property=\"og:image\" content=\"https:\/\/style3d-assyst.com\/wp-content\/uploads\/2025\/10\/Linkedin-post-Bild-8.jpg\" \/>\n\t<meta property=\"og:image:width\" content=\"1080\" \/>\n\t<meta property=\"og:image:height\" content=\"1080\" \/>\n\t<meta property=\"og:image:type\" content=\"image\/jpeg\" \/>\n<meta name=\"twitter:card\" content=\"summary_large_image\" \/>\n<meta name=\"twitter:label1\" content=\"Gesch\u00e4tzte Lesezeit\" \/>\n\t<meta name=\"twitter:data1\" content=\"2\u00a0Minuten\" \/>\n<script type=\"application\/ld+json\" class=\"yoast-schema-graph\">{\"@context\":\"https:\\\/\\\/schema.org\",\"@graph\":[{\"@type\":\"WebPage\",\"@id\":\"https:\\\/\\\/style3d-assyst.com\\\/de\\\/events\\\/olymp-webinar\\\/\",\"url\":\"https:\\\/\\\/style3d-assyst.com\\\/de\\\/events\\\/olymp-webinar\\\/\",\"name\":\"Olymp Webinar - Style3D | Assyst\",\"isPartOf\":{\"@id\":\"https:\\\/\\\/style3d-assyst.com\\\/de\\\/#website\"},\"primaryImageOfPage\":{\"@id\":\"https:\\\/\\\/style3d-assyst.com\\\/de\\\/events\\\/olymp-webinar\\\/#primaryimage\"},\"image\":{\"@id\":\"https:\\\/\\\/style3d-assyst.com\\\/de\\\/events\\\/olymp-webinar\\\/#primaryimage\"},\"thumbnailUrl\":\"https:\\\/\\\/style3d-assyst.com\\\/wp-content\\\/uploads\\\/2025\\\/10\\\/Linkedin-post-Bild-8.jpg\",\"datePublished\":\"2025-10-17T07:19:10+00:00\",\"dateModified\":\"2025-11-13T19:02:42+00:00\",\"description\":\"Bei OLYMP entsteht jeder Look zuerst digital \u2013 vom Design \u00fcber 3D-Entwicklung bis zum digitalen Showroom inklusive KI-gest\u00fctztes Fotoshooting und digitale Packshots.\",\"breadcrumb\":{\"@id\":\"https:\\\/\\\/style3d-assyst.com\\\/de\\\/events\\\/olymp-webinar\\\/#breadcrumb\"},\"inLanguage\":\"de\",\"potentialAction\":[{\"@type\":\"ReadAction\",\"target\":[\"https:\\\/\\\/style3d-assyst.com\\\/de\\\/events\\\/olymp-webinar\\\/\"]}]},{\"@type\":\"ImageObject\",\"inLanguage\":\"de\",\"@id\":\"https:\\\/\\\/style3d-assyst.com\\\/de\\\/events\\\/olymp-webinar\\\/#primaryimage\",\"url\":\"https:\\\/\\\/style3d-assyst.com\\\/wp-content\\\/uploads\\\/2025\\\/10\\\/Linkedin-post-Bild-8.jpg\",\"contentUrl\":\"https:\\\/\\\/style3d-assyst.com\\\/wp-content\\\/uploads\\\/2025\\\/10\\\/Linkedin-post-Bild-8.jpg\",\"width\":1080,\"height\":1080},{\"@type\":\"BreadcrumbList\",\"@id\":\"https:\\\/\\\/style3d-assyst.com\\\/de\\\/events\\\/olymp-webinar\\\/#breadcrumb\",\"itemListElement\":[{\"@type\":\"ListItem\",\"position\":1,\"name\":\"Startseite\",\"item\":\"https:\\\/\\\/style3d-assyst.com\\\/de\\\/startseite\\\/\"},{\"@type\":\"ListItem\",\"position\":2,\"name\":\"Events\",\"item\":\"https:\\\/\\\/style3d-assyst.com\\\/de\\\/events\\\/\"},{\"@type\":\"ListItem\",\"position\":3,\"name\":\"Olymp Webinar\"}]},{\"@type\":\"WebSite\",\"@id\":\"https:\\\/\\\/style3d-assyst.com\\\/de\\\/#website\",\"url\":\"https:\\\/\\\/style3d-assyst.com\\\/de\\\/\",\"name\":\"Style3D | Assyst\",\"description\":\"3D-Stoffsimulation, 2D-CAD f\u00fcr die Modebranche\",\"publisher\":{\"@id\":\"https:\\\/\\\/style3d-assyst.com\\\/de\\\/#organization\"},\"potentialAction\":[{\"@type\":\"SearchAction\",\"target\":{\"@type\":\"EntryPoint\",\"urlTemplate\":\"https:\\\/\\\/style3d-assyst.com\\\/de\\\/?s={search_term_string}\"},\"query-input\":{\"@type\":\"PropertyValueSpecification\",\"valueRequired\":true,\"valueName\":\"search_term_string\"}}],\"inLanguage\":\"de\"},{\"@type\":\"Organization\",\"@id\":\"https:\\\/\\\/style3d-assyst.com\\\/de\\\/#organization\",\"name\":\"Style3D | Assyst\",\"url\":\"https:\\\/\\\/style3d-assyst.com\\\/de\\\/\",\"logo\":{\"@type\":\"ImageObject\",\"inLanguage\":\"de\",\"@id\":\"https:\\\/\\\/style3d-assyst.com\\\/de\\\/#\\\/schema\\\/logo\\\/image\\\/\",\"url\":\"https:\\\/\\\/style3d-assyst.com\\\/wp-content\\\/uploads\\\/2025\\\/06\\\/logo-style3d-assyst.png\",\"contentUrl\":\"https:\\\/\\\/style3d-assyst.com\\\/wp-content\\\/uploads\\\/2025\\\/06\\\/logo-style3d-assyst.png\",\"width\":855,\"height\":103,\"caption\":\"Style3D | Assyst\"},\"image\":{\"@id\":\"https:\\\/\\\/style3d-assyst.com\\\/de\\\/#\\\/schema\\\/logo\\\/image\\\/\"},\"sameAs\":[\"https:\\\/\\\/www.linkedin.com\\\/company\\\/assyst-gmbh\\\/\",\"https:\\\/\\\/www.instagram.com\\\/style3d.assyst\",\"https:\\\/\\\/www.youtube.com\\\/channel\\\/UCL09FVvHxGd2XGgdM94FD0w\"]}]}<\/script>\n<!-- \/ Yoast SEO plugin. -->","yoast_head_json":{"title":"Olymp Webinar - Style3D | Assyst","description":"Bei OLYMP entsteht jeder Look zuerst digital \u2013 vom Design \u00fcber 3D-Entwicklung bis zum digitalen Showroom inklusive KI-gest\u00fctztes Fotoshooting und digitale Packshots.","robots":{"index":"index","follow":"follow","max-snippet":"max-snippet:-1","max-image-preview":"max-image-preview:large","max-video-preview":"max-video-preview:-1"},"canonical":"https:\/\/style3d-assyst.com\/de\/events\/olymp-webinar\/","og_locale":"de_DE","og_type":"article","og_title":"Olymp Webinar - Style3D | Assyst","og_description":"Bei OLYMP entsteht jeder Look zuerst digital \u2013 vom Design \u00fcber 3D-Entwicklung bis zum digitalen Showroom inklusive KI-gest\u00fctztes Fotoshooting und digitale Packshots.","og_url":"https:\/\/style3d-assyst.com\/de\/events\/olymp-webinar\/","og_site_name":"Style3D | Assyst","article_modified_time":"2025-11-13T19:02:42+00:00","og_image":[{"width":1080,"height":1080,"url":"https:\/\/style3d-assyst.com\/wp-content\/uploads\/2025\/10\/Linkedin-post-Bild-8.jpg","type":"image\/jpeg"}],"twitter_card":"summary_large_image","twitter_misc":{"Gesch\u00e4tzte Lesezeit":"2\u00a0Minuten"},"schema":{"@context":"https:\/\/schema.org","@graph":[{"@type":"WebPage","@id":"https:\/\/style3d-assyst.com\/de\/events\/olymp-webinar\/","url":"https:\/\/style3d-assyst.com\/de\/events\/olymp-webinar\/","name":"Olymp Webinar - Style3D | Assyst","isPartOf":{"@id":"https:\/\/style3d-assyst.com\/de\/#website"},"primaryImageOfPage":{"@id":"https:\/\/style3d-assyst.com\/de\/events\/olymp-webinar\/#primaryimage"},"image":{"@id":"https:\/\/style3d-assyst.com\/de\/events\/olymp-webinar\/#primaryimage"},"thumbnailUrl":"https:\/\/style3d-assyst.com\/wp-content\/uploads\/2025\/10\/Linkedin-post-Bild-8.jpg","datePublished":"2025-10-17T07:19:10+00:00","dateModified":"2025-11-13T19:02:42+00:00","description":"Bei OLYMP entsteht jeder Look zuerst digital \u2013 vom Design \u00fcber 3D-Entwicklung bis zum digitalen Showroom inklusive KI-gest\u00fctztes Fotoshooting und digitale Packshots.","breadcrumb":{"@id":"https:\/\/style3d-assyst.com\/de\/events\/olymp-webinar\/#breadcrumb"},"inLanguage":"de","potentialAction":[{"@type":"ReadAction","target":["https:\/\/style3d-assyst.com\/de\/events\/olymp-webinar\/"]}]},{"@type":"ImageObject","inLanguage":"de","@id":"https:\/\/style3d-assyst.com\/de\/events\/olymp-webinar\/#primaryimage","url":"https:\/\/style3d-assyst.com\/wp-content\/uploads\/2025\/10\/Linkedin-post-Bild-8.jpg","contentUrl":"https:\/\/style3d-assyst.com\/wp-content\/uploads\/2025\/10\/Linkedin-post-Bild-8.jpg","width":1080,"height":1080},{"@type":"BreadcrumbList","@id":"https:\/\/style3d-assyst.com\/de\/events\/olymp-webinar\/#breadcrumb","itemListElement":[{"@type":"ListItem","position":1,"name":"Startseite","item":"https:\/\/style3d-assyst.com\/de\/startseite\/"},{"@type":"ListItem","position":2,"name":"Events","item":"https:\/\/style3d-assyst.com\/de\/events\/"},{"@type":"ListItem","position":3,"name":"Olymp Webinar"}]},{"@type":"WebSite","@id":"https:\/\/style3d-assyst.com\/de\/#website","url":"https:\/\/style3d-assyst.com\/de\/","name":"Style3D | Assyst","description":"3D-Stoffsimulation, 2D-CAD f\u00fcr die Modebranche","publisher":{"@id":"https:\/\/style3d-assyst.com\/de\/#organization"},"potentialAction":[{"@type":"SearchAction","target":{"@type":"EntryPoint","urlTemplate":"https:\/\/style3d-assyst.com\/de\/?s={search_term_string}"},"query-input":{"@type":"PropertyValueSpecification","valueRequired":true,"valueName":"search_term_string"}}],"inLanguage":"de"},{"@type":"Organization","@id":"https:\/\/style3d-assyst.com\/de\/#organization","name":"Style3D | Assyst","url":"https:\/\/style3d-assyst.com\/de\/","logo":{"@type":"ImageObject","inLanguage":"de","@id":"https:\/\/style3d-assyst.com\/de\/#\/schema\/logo\/image\/","url":"https:\/\/style3d-assyst.com\/wp-content\/uploads\/2025\/06\/logo-style3d-assyst.png","contentUrl":"https:\/\/style3d-assyst.com\/wp-content\/uploads\/2025\/06\/logo-style3d-assyst.png","width":855,"height":103,"caption":"Style3D | Assyst"},"image":{"@id":"https:\/\/style3d-assyst.com\/de\/#\/schema\/logo\/image\/"},"sameAs":["https:\/\/www.linkedin.com\/company\/assyst-gmbh\/","https:\/\/www.instagram.com\/style3d.assyst","https:\/\/www.youtube.com\/channel\/UCL09FVvHxGd2XGgdM94FD0w"]}]}},"_links":{"self":[{"href":"https:\/\/style3d-assyst.com\/de\/wp-json\/wp\/v2\/pages\/12361","targetHints":{"allow":["GET"]}}],"collection":[{"href":"https:\/\/style3d-assyst.com\/de\/wp-json\/wp\/v2\/pages"}],"about":[{"href":"https:\/\/style3d-assyst.com\/de\/wp-json\/wp\/v2\/types\/page"}],"author":[{"embeddable":true,"href":"https:\/\/style3d-assyst.com\/de\/wp-json\/wp\/v2\/users\/11"}],"replies":[{"embeddable":true,"href":"https:\/\/style3d-assyst.com\/de\/wp-json\/wp\/v2\/comments?post=12361"}],"version-history":[{"count":61,"href":"https:\/\/style3d-assyst.com\/de\/wp-json\/wp\/v2\/pages\/12361\/revisions"}],"predecessor-version":[{"id":13738,"href":"https:\/\/style3d-assyst.com\/de\/wp-json\/wp\/v2\/pages\/12361\/revisions\/13738"}],"up":[{"embeddable":true,"href":"https:\/\/style3d-assyst.com\/de\/wp-json\/wp\/v2\/pages\/6709"}],"wp:featuredmedia":[{"embeddable":true,"href":"https:\/\/style3d-assyst.com\/de\/wp-json\/wp\/v2\/media\/12551"}],"wp:attachment":[{"href":"https:\/\/style3d-assyst.com\/de\/wp-json\/wp\/v2\/media?parent=12361"}],"curies":[{"name":"wp","href":"https:\/\/api.w.org\/{rel}","templated":true}]}}